{"id":832,"date":"2020-09-26T22:34:47","date_gmt":"2020-09-26T22:34:47","guid":{"rendered":"https:\/\/medinacuadrosabogados.com\/?page_id=832"},"modified":"2023-12-05T09:37:50","modified_gmt":"2023-12-05T08:37:50","slug":"red-de-despachos","status":"publish","type":"page","link":"https:\/\/medinacuadrosabogados.com\/en\/red-de-despachos\/","title":{"rendered":"Our Offices"},"content":{"rendered":"<p>[et_pb_section fb_built=\u00bb1&#8243; fullwidth=\u00bbon\u00bb admin_label=\u00bbHero Section\u00bb _builder_version=\u00bb4.0.6&#8243; min_height=\u00bb671px\u00bb height=\u00bb689px\u00bb max_height=\u00bb710px\u00bb custom_margin=\u00bb||||false|false\u00bb custom_padding=\u00bb||2px|||\u00bb][et_pb_fullwidth_header subhead=\u00bbRED DE DESPACHOS\u00bb text_orientation=\u00bbcenter\u00bb background_overlay_color=\u00bbrgba(0,0,0,0.65)\u00bb image_orientation=\u00bbbottom\u00bb content_max_width=\u00bb1000%\u00bb _builder_version=\u00bb4.0.6&#8243; title_font=\u00bbOpen Sans|700||on|||||\u00bb title_text_color=\u00bb#003057&#8243; title_font_size=\u00bb14px\u00bb title_letter_spacing=\u00bb2px\u00bb title_line_height=\u00bb1.4em\u00bb content_font=\u00bbOpen Sans||||||||\u00bb content_font_size=\u00bb16px\u00bb content_letter_spacing=\u00bb1px\u00bb content_line_height=\u00bb2em\u00bb subhead_font=\u00bbOpen Sans|700||on|||||\u00bb subhead_text_align=\u00bbcenter\u00bb subhead_text_color=\u00bb#ffffff\u00bb subhead_font_size=\u00bb60px\u00bb subhead_letter_spacing=\u00bb3px\u00bb subhead_line_height=\u00bb1.4em\u00bb background_color=\u00bbrgba(255, 255, 255, 0)\u00bb background_image=\u00bbhttps:\/\/medinacuadrosabogados.com\/wp-content\/uploads\/2022\/04\/cabecera-red-despachos.jpg\u00bb parallax=\u00bbon\u00bb custom_button_one=\u00bbon\u00bb button_one_border_width=\u00bb1px\u00bb button_one_border_color=\u00bbrgba(255,255,255,0.3)\u00bb button_one_border_radius=\u00bb0px\u00bb button_one_letter_spacing=\u00bb1px\u00bb button_one_font=\u00bbSaira Extra Condensed|600||on|||||\u00bb button_one_icon=\u00bb%%3%%\u00bb button_one_icon_color=\u00bb#edbb5f\u00bb custom_button_two=\u00bbon\u00bb button_two_border_width=\u00bb1px\u00bb button_two_border_color=\u00bbrgba(255,255,255,0.3)\u00bb button_two_border_radius=\u00bb0px\u00bb button_two_letter_spacing=\u00bb1px\u00bb button_two_font=\u00bbSaira Extra Condensed|600||on|||||\u00bb button_two_icon=\u00bb%%3%%\u00bb button_two_icon_color=\u00bb#edbb5f\u00bb module_alignment=\u00bbright\u00bb min_height=\u00bb690px\u00bb min_height_tablet=\u00bb652px\u00bb min_height_phone=\u00bb505px\u00bb min_height_last_edited=\u00bbon|desktop\u00bb height_tablet=\u00bb\u00bb height_phone=\u00bb\u00bb height_last_edited=\u00bbon|phone\u00bb custom_margin=\u00bb0px||-30px||false|false\u00bb custom_margin_tablet=\u00bb\u00bb custom_margin_phone=\u00bb||-39px||false|false\u00bb custom_margin_last_edited=\u00bbon|phone\u00bb custom_padding=\u00bb10%||260px||false|false\u00bb custom_padding_tablet=\u00bb22%||130px||false|false\u00bb custom_padding_phone=\u00bb44%||65px||false|false\u00bb custom_padding_last_edited=\u00bbon|phone\u00bb child_filter_hue_rotate=\u00bb193deg\u00bb child_filter_saturate=\u00bb164%\u00bb subhead_font_size_tablet=\u00bb\u00bb subhead_font_size_phone=\u00bb40px\u00bb subhead_font_size_last_edited=\u00bbon|phone\u00bb background_last_edited=\u00bbon|tablet\u00bb background_image_tablet=\u00bbhttps:\/\/medinacuadrosabogados.com\/wp-content\/uploads\/2022\/04\/cabecera-red-despachos-mobile.jpg\u00bb background_enable_image_tablet=\u00bbon\u00bb parallax_tablet=\u00bboff\u00bb button_one_text_color_hover=\u00bb#edbb5f\u00bb button_two_text_color_hover=\u00bb#edbb5f\u00bb button_one_bg_color_hover=\u00bbrgba(0,0,0,0)\u00bb button_two_bg_color_hover=\u00bbrgba(0,0,0,0)\u00bb button_one_text_size__hover_enabled=\u00bboff\u00bb button_two_text_size__hover_enabled=\u00bboff\u00bb button_one_text_color__hover_enabled=\u00bbon\u00bb button_one_text_color__hover=\u00bb#edbb5f\u00bb button_two_text_color__hover_enabled=\u00bbon\u00bb button_two_text_color__hover=\u00bb#edbb5f\u00bb button_one_border_width__hover_enabled=\u00bboff\u00bb button_two_border_width__hover_enabled=\u00bboff\u00bb button_one_border_color__hover_enabled=\u00bboff\u00bb button_two_border_color__hover_enabled=\u00bboff\u00bb button_one_border_radius__hover_enabled=\u00bboff\u00bb button_two_border_radius__hover_enabled=\u00bboff\u00bb button_one_letter_spacing__hover_enabled=\u00bboff\u00bb button_two_letter_spacing__hover_enabled=\u00bboff\u00bb button_one_bg_color__hover_enabled=\u00bbon\u00bb button_one_bg_color__hover=\u00bbrgba(0,0,0,0)\u00bb button_two_bg_color__hover_enabled=\u00bbon\u00bb button_two_bg_color__hover=\u00bbrgba(0,0,0,0)\u00bb][\/et_pb_fullwidth_header][\/et_pb_section][et_pb_section fb_built=\u00bb1&#8243; _builder_version=\u00bb4.0.6&#8243; custom_margin_tablet=\u00bb\u00bb custom_margin_phone=\u00bb-185px||||false|false\u00bb custom_margin_last_edited=\u00bbon|desktop\u00bb][et_pb_row column_structure=\u00bb1_2,1_4,1_4&#8243; _builder_version=\u00bb4.0.6&#8243; custom_margin_tablet=\u00bb-72px||||false|false\u00bb custom_margin_phone=\u00bb-10px||||false|false\u00bb custom_margin_last_edited=\u00bbon|tablet\u00bb][et_pb_column type=\u00bb1_2&#8243; _builder_version=\u00bb4.0.6&#8243;][et_pb_image src=\u00bbhttps:\/\/medinacuadrosabogados.com\/wp-content\/uploads\/2023\/12\/mapa-despachos_nuevo.jpg\u00bb align=\u00bbcenter\u00bb _builder_version=\u00bb4.0.6&#8243; hover_enabled=\u00bb0&#8243;][\/et_pb_image][\/et_pb_column][et_pb_column type=\u00bb1_4&#8243; _builder_version=\u00bb4.0.6&#8243;][et_pb_text _builder_version=\u00bb4.0.6&#8243; text_font=\u00bbOpen Sans||||||||\u00bb text_text_color=\u00bb#003057&#8243; header_font=\u00bbOpen Sans||||||||\u00bb header_text_color=\u00bb#003057&#8243; header_2_text_color=\u00bb#7bafd4&#8243; header_2_font_size=\u00bb30px\u00bb text_font_size_tablet=\u00bb17px\u00bb text_font_size_phone=\u00bb16px\u00bb text_font_size_last_edited=\u00bbon|phone\u00bb text_orientation_tablet=\u00bbcenter\u00bb text_orientation_phone=\u00bbcenter\u00bb text_orientation_last_edited=\u00bbon|phone\u00bb]<\/p>\n<h2 class=\"et_pb_module_header\"><a href=\"https:\/\/medinacuadrosabogados.com\/en\/despacho-madrid\/\"><strong>MADRID<\/strong><\/a><\/h2>\n<p><strong>Telephone: +34 91 562 53 23<\/strong><br \/> <span style=\"color: #003057;\"><strong><a href=\"mailto:madrid@medinacuadros.es\" style=\"color: #003057;\">madrid@medinacuadros.es<\/a><\/strong><\/span><\/p>\n<p>[\/et_pb_text][et_pb_divider color=\u00bb#7bafd4&#8243; _builder_version=\u00bb4.0.6&#8243;][\/et_pb_divider][et_pb_text _builder_version=\u00bb4.0.6&#8243; text_font=\u00bbOpen Sans||||||||\u00bb text_text_color=\u00bb#003057&#8243; header_font=\u00bbOpen Sans||||||||\u00bb header_text_color=\u00bb#003057&#8243; header_2_text_color=\u00bb#7bafd4&#8243; header_2_font_size=\u00bb30px\u00bb text_font_size_tablet=\u00bb17px\u00bb text_font_size_phone=\u00bb\u00bb text_font_size_last_edited=\u00bbon|desktop\u00bb text_orientation_tablet=\u00bbcenter\u00bb text_orientation_phone=\u00bbcenter\u00bb text_orientation_last_edited=\u00bbon|phone\u00bb]<\/p>\n<h2 class=\"et_pb_module_header\"><a href=\"https:\/\/medinacuadrosabogados.com\/en\/despacho-granada\/\"><b>GRENADE<\/b><\/a><\/h2>\n<p><strong>Telephone: +34 <span>858<\/span> 21 67 89<\/strong><br \/> <span style=\"color: #003057;\"><strong><a href=\"mailto:madrid@medinacuadros.es\" style=\"color: #003057;\">granada@medinacuadros.es<\/a><\/strong><\/span><\/p>\n<p>[\/et_pb_text][et_pb_divider color=\u00bb#7bafd4&#8243; _builder_version=\u00bb4.0.6&#8243;][\/et_pb_divider][\/et_pb_column][et_pb_column type=\u00bb1_4&#8243; _builder_version=\u00bb4.0.6&#8243;][et_pb_text _builder_version=\u00bb4.0.6&#8243; text_font=\u00bbOpen Sans||||||||\u00bb text_text_color=\u00bb#003057&#8243; header_font=\u00bbOpen Sans||||||||\u00bb header_text_color=\u00bb#003057&#8243; header_2_text_color=\u00bb#7bafd4&#8243; header_2_font_size=\u00bb30px\u00bb text_font_size_tablet=\u00bb17px\u00bb text_font_size_phone=\u00bb17px\u00bb text_font_size_last_edited=\u00bbon|desktop\u00bb text_orientation_tablet=\u00bbcenter\u00bb text_orientation_phone=\u00bbcenter\u00bb text_orientation_last_edited=\u00bbon|phone\u00bb]<\/p>\n<h2 class=\"et_pb_module_header\"><a href=\"https:\/\/medinacuadrosabogados.com\/en\/despacho-jaen\/\"><b>JA\u00c9N<\/b><\/a><\/h2>\n<p><strong>Phone:<span>+34 953 24 40 30<\/span><\/strong><br \/> <span style=\"color: #003057;\"><strong>jaen@medinacuadros.es<\/strong><\/span><\/p>\n<p>[\/et_pb_text][et_pb_divider color=\u00bb#7bafd4&#8243; _builder_version=\u00bb4.0.6&#8243;][\/et_pb_divider][et_pb_text _builder_version=\u00bb4.0.6&#8243; text_font=\u00bbOpen Sans||||||||\u00bb text_text_color=\u00bb#003057&#8243; header_font=\u00bbOpen Sans||||||||\u00bb header_text_color=\u00bb#003057&#8243; header_2_text_color=\u00bb#7bafd4&#8243; header_2_font_size=\u00bb30px\u00bb text_font_size_tablet=\u00bb17px\u00bb text_font_size_phone=\u00bb\u00bb text_font_size_last_edited=\u00bbon|desktop\u00bb text_orientation_tablet=\u00bbcenter\u00bb text_orientation_phone=\u00bb\u00bb text_orientation_last_edited=\u00bbon|phone\u00bb]<\/p>\n<h2 class=\"et_pb_module_header\"><a href=\"https:\/\/medinacuadrosabogados.com\/en\/despacho-mexico\/\"><b>MEXICO<\/b><\/a><\/h2>\n<p><strong>Telephone: +52 555 245 73 50<\/strong><br \/> <span style=\"color: #003057;\"><strong>mexico@medinacuadros.es<\/strong><\/span><\/p>\n<p>[\/et_pb_text][et_pb_divider color=\u00bb#7bafd4&#8243; _builder_version=\u00bb4.0.6&#8243;][\/et_pb_divider][\/et_pb_column][\/et_pb_row][\/et_pb_section][et_pb_section fb_built=\u00bb1&#8243; disabled_on=\u00bbon|on|on\u00bb _builder_version=\u00bb4.0.6&#8243; background_color=\u00bb#ffffff\u00bb width=\u00bb100%\u00bb max_width=\u00bb100%\u00bb custom_padding=\u00bb150px||150px||false|false\u00bb disabled=\u00bbon\u00bb][et_pb_row _builder_version=\u00bb4.0.6&#8243; width=\u00bb100%\u00bb max_width=\u00bb1262px\u00bb module_alignment=\u00bbcenter\u00bb][et_pb_column type=\u00bb4_4&#8243; _builder_version=\u00bb4.0.6&#8243;][et_pb_image src=\u00bbhttps:\/\/medinacuadrosabogados.com\/wp-content\/uploads\/2021\/08\/Madrid-1-e1628011844244.png\u00bb _builder_version=\u00bb4.0.6&#8243;][\/et_pb_image][\/et_pb_column][\/et_pb_row][\/et_pb_section][et_pb_section fb_built=\u00bb1&#8243; admin_label=\u00bbsection\u00bb _builder_version=\u00bb4.0.6&#8243; background_color=\u00bb#222222&#8243; min_height=\u00bb160.9px\u00bb custom_margin=\u00bb||||false|false\u00bb custom_padding=\u00bb2px||4px||false|false\u00bb global_module=\u00bb3025&#8243; saved_tabs=\u00bball\u00bb][et_pb_row column_structure=\u00bb1_4,1_4,1_4,1_4&#8243; custom_padding_last_edited=\u00bbon|phone\u00bb disabled_on=\u00bboff|off|off\u00bb module_class=\u00bbtwo-columns\u00bb _builder_version=\u00bb4.0.6&#8243; module_alignment=\u00bbcenter\u00bb custom_margin_last_edited=\u00bboff|desktop\u00bb custom_padding=\u00bb32px|34%|0px|0%|false|false\u00bb custom_padding_tablet=\u00bb|13%|4px|22%|false|false\u00bb custom_padding_phone=\u00bb|0%||14%|false|false\u00bb collapsed=\u00bboff\u00bb][et_pb_column type=\u00bb1_4&#8243; _builder_version=\u00bb4.0.6&#8243;][et_pb_image src=\u00bbhttps:\/\/medinacuadrosabogados.com\/wp-content\/uploads\/2022\/04\/ISO9001.jpg\u00bb url=\u00bbhttps:\/\/medinacuadrosabogados.com\/wp-content\/uploads\/2022\/05\/Pa\u0301ginas-desde2021-M7-ISO-9001-2015-0738.2021.pdf\u00bb url_new_window=\u00bbon\u00bb align=\u00bbcenter\u00bb _builder_version=\u00bb4.0.6&#8243; max_width_tablet=\u00bb\u00bb max_width_phone=\u00bb80%\u00bb max_width_last_edited=\u00bbon|phone\u00bb][\/et_pb_image][\/et_pb_column][et_pb_column type=\u00bb1_4&#8243; _builder_version=\u00bb4.0.6&#8243;][et_pb_image src=\u00bbhttps:\/\/medinacuadrosabogados.com\/wp-content\/uploads\/2022\/04\/ISO27001.jpg\u00bb url=\u00bbhttps:\/\/medinacuadrosabogados.com\/wp-content\/uploads\/2022\/05\/Pa\u0301ginas-desde2021-M7-ISO-IEC-27001-2013-0739.2021-2.pdf\u00bb url_new_window=\u00bbon\u00bb align=\u00bbcenter\u00bb _builder_version=\u00bb4.0.6&#8243; max_width_tablet=\u00bb\u00bb max_width_phone=\u00bb80%\u00bb max_width_last_edited=\u00bbon|phone\u00bb][\/et_pb_image][\/et_pb_column][et_pb_column type=\u00bb1_4&#8243; _builder_version=\u00bb4.0.6&#8243;][et_pb_image src=\u00bbhttps:\/\/medinacuadrosabogados.com\/wp-content\/uploads\/2022\/04\/Agenda_2030.jpg\u00bb url=\u00bbhttps:\/\/www.unglobalcompact.org\/participation\/report\/cop\/create-and-submit\/active\/460738&#8243; url_new_window=\u00bbon\u00bb align=\u00bbcenter\u00bb _builder_version=\u00bb4.0.6&#8243; max_width_tablet=\u00bb\u00bb max_width_phone=\u00bb80%\u00bb max_width_last_edited=\u00bbon|phone\u00bb][\/et_pb_image][\/et_pb_column][et_pb_column type=\u00bb1_4&#8243; _builder_version=\u00bb4.0.6&#8243;][et_pb_image src=\u00bbhttps:\/\/medinacuadrosabogados.com\/wp-content\/uploads\/2022\/04\/RGPD.jpg\u00bb align=\u00bbcenter\u00bb _builder_version=\u00bb4.0.6&#8243; max_width_tablet=\u00bb\u00bb max_width_phone=\u00bb80%\u00bb max_width_last_edited=\u00bbon|phone\u00bb][\/et_pb_image][\/et_pb_column][\/et_pb_row][\/et_pb_section]<\/p>","protected":false},"excerpt":{"rendered":"<p>MADRID Tel\u00e9fono: +34 91 562 53 23 madrid@medinacuadros.esGRANADA Tel\u00e9fono: +34 858 21 67 89 granada@medinacuadros.esJA\u00c9N Tel\u00e9fono:+34 953 24 40 30 jaen@medinacuadros.esM\u00c9XICO Tel\u00e9fono: +52 555 245 73 50 mexico@medinacuadros.es<\/p>","protected":false},"author":3,"featured_media":0,"parent":0,"menu_order":0,"comment_status":"closed","ping_status":"closed","template":"","meta":{"_et_pb_use_builder":"on","_et_pb_old_content":"","_et_gb_content_width":"","_oct_exclude_from_cache":false,"om_disable_all_campaigns":false,"footnotes":""},"class_list":["post-832","page","type-page","status-publish","hentry"],"yoast_head":"<!-- This site is optimized with the Yoast SEO plugin v25.4 - https:\/\/yoast.com\/wordpress\/plugins\/seo\/ -->\n<title>Red de Despachos - Medinacuadros<\/title>\n<meta name=\"description\" content=\"La red de despachos de Medina Cuadros: Madrid, Ja\u00e9n, Granada, M\u00e1laga y M\u00e9xico. un servicio jur\u00eddico diferenciado y de calidad.\" \/>\n<meta name=\"robots\" content=\"noindex, follow, max-snippet:-1, max-image-preview:large, max-video-preview:-1\" \/>\n<meta property=\"og:locale\" content=\"en_US\" \/>\n<meta property=\"og:type\" content=\"article\" \/>\n<meta property=\"og:title\" content=\"Red de Despachos - Medinacuadros\" \/>\n<meta property=\"og:description\" content=\"La red de despachos de Medina Cuadros: Madrid, Ja\u00e9n, Granada, M\u00e1laga y M\u00e9xico. un servicio jur\u00eddico diferenciado y de calidad.\" \/>\n<meta property=\"og:url\" content=\"https:\/\/medinacuadrosabogados.com\/en\/red-de-despachos\/\" \/>\n<meta property=\"og:site_name\" content=\"Medinacuadros\" \/>\n<meta property=\"article:modified_time\" content=\"2023-12-05T08:37:50+00:00\" \/>\n<meta name=\"twitter:card\" content=\"summary_large_image\" \/>\n<meta name=\"twitter:label1\" content=\"Est. reading time\" \/>\n\t<meta name=\"twitter:data1\" content=\"6 minutes\" \/>\n<script type=\"application\/ld+json\" class=\"yoast-schema-graph\">{\"@context\":\"https:\/\/schema.org\",\"@graph\":[{\"@type\":\"WebPage\",\"@id\":\"https:\/\/medinacuadrosabogados.com\/red-de-despachos\/\",\"url\":\"https:\/\/medinacuadrosabogados.com\/red-de-despachos\/\",\"name\":\"Red de Despachos - Medinacuadros\",\"isPartOf\":{\"@id\":\"https:\/\/medinacuadrosabogados.com\/#website\"},\"datePublished\":\"2020-09-26T22:34:47+00:00\",\"dateModified\":\"2023-12-05T08:37:50+00:00\",\"description\":\"La red de despachos de Medina Cuadros: Madrid, Ja\u00e9n, Granada, M\u00e1laga y M\u00e9xico. un servicio jur\u00eddico diferenciado y de calidad.\",\"inLanguage\":\"en-US\",\"potentialAction\":[{\"@type\":\"ReadAction\",\"target\":[\"https:\/\/medinacuadrosabogados.com\/red-de-despachos\/\"]}]},{\"@type\":\"WebSite\",\"@id\":\"https:\/\/medinacuadrosabogados.com\/#website\",\"url\":\"https:\/\/medinacuadrosabogados.com\/\",\"name\":\"Medinacuadros\",\"description\":\"\",\"potentialAction\":[{\"@type\":\"SearchAction\",\"target\":{\"@type\":\"EntryPoint\",\"urlTemplate\":\"https:\/\/medinacuadrosabogados.com\/?s={search_term_string}\"},\"query-input\":{\"@type\":\"PropertyValueSpecification\",\"valueRequired\":true,\"valueName\":\"search_term_string\"}}],\"inLanguage\":\"en-US\"}]}<\/script>\n<!-- \/ Yoast SEO plugin. -->","yoast_head_json":{"title":"Red de Despachos - Medinacuadros","description":"La red de despachos de Medina Cuadros: Madrid, Ja\u00e9n, Granada, M\u00e1laga y M\u00e9xico. un servicio jur\u00eddico diferenciado y de calidad.","robots":{"index":"noindex","follow":"follow","max-snippet":"max-snippet:-1","max-image-preview":"max-image-preview:large","max-video-preview":"max-video-preview:-1"},"og_locale":"en_US","og_type":"article","og_title":"Red de Despachos - Medinacuadros","og_description":"La red de despachos de Medina Cuadros: Madrid, Ja\u00e9n, Granada, M\u00e1laga y M\u00e9xico. un servicio jur\u00eddico diferenciado y de calidad.","og_url":"https:\/\/medinacuadrosabogados.com\/en\/red-de-despachos\/","og_site_name":"Medinacuadros","article_modified_time":"2023-12-05T08:37:50+00:00","twitter_card":"summary_large_image","twitter_misc":{"Est. reading time":"6 minutes"},"schema":{"@context":"https:\/\/schema.org","@graph":[{"@type":"WebPage","@id":"https:\/\/medinacuadrosabogados.com\/red-de-despachos\/","url":"https:\/\/medinacuadrosabogados.com\/red-de-despachos\/","name":"Red de Despachos - Medinacuadros","isPartOf":{"@id":"https:\/\/medinacuadrosabogados.com\/#website"},"datePublished":"2020-09-26T22:34:47+00:00","dateModified":"2023-12-05T08:37:50+00:00","description":"La red de despachos de Medina Cuadros: Madrid, Ja\u00e9n, Granada, M\u00e1laga y M\u00e9xico. un servicio jur\u00eddico diferenciado y de calidad.","inLanguage":"en-US","potentialAction":[{"@type":"ReadAction","target":["https:\/\/medinacuadrosabogados.com\/red-de-despachos\/"]}]},{"@type":"WebSite","@id":"https:\/\/medinacuadrosabogados.com\/#website","url":"https:\/\/medinacuadrosabogados.com\/","name":"Medinacuadros","description":"","potentialAction":[{"@type":"SearchAction","target":{"@type":"EntryPoint","urlTemplate":"https:\/\/medinacuadrosabogados.com\/?s={search_term_string}"},"query-input":{"@type":"PropertyValueSpecification","valueRequired":true,"valueName":"search_term_string"}}],"inLanguage":"en-US"}]}},"_links":{"self":[{"href":"https:\/\/medinacuadrosabogados.com\/en\/wp-json\/wp\/v2\/pages\/832","targetHints":{"allow":["GET"]}}],"collection":[{"href":"https:\/\/medinacuadrosabogados.com\/en\/wp-json\/wp\/v2\/pages"}],"about":[{"href":"https:\/\/medinacuadrosabogados.com\/en\/wp-json\/wp\/v2\/types\/page"}],"author":[{"embeddable":true,"href":"https:\/\/medinacuadrosabogados.com\/en\/wp-json\/wp\/v2\/users\/3"}],"replies":[{"embeddable":true,"href":"https:\/\/medinacuadrosabogados.com\/en\/wp-json\/wp\/v2\/comments?post=832"}],"version-history":[{"count":59,"href":"https:\/\/medinacuadrosabogados.com\/en\/wp-json\/wp\/v2\/pages\/832\/revisions"}],"predecessor-version":[{"id":3986,"href":"https:\/\/medinacuadrosabogados.com\/en\/wp-json\/wp\/v2\/pages\/832\/revisions\/3986"}],"wp:attachment":[{"href":"https:\/\/medinacuadrosabogados.com\/en\/wp-json\/wp\/v2\/media?parent=832"}],"curies":[{"name":"wp","href":"https:\/\/api.w.org\/{rel}","templated":true}]}}