{"id":484,"date":"2020-08-07T16:23:20","date_gmt":"2020-08-07T14:23:20","guid":{"rendered":"https:\/\/medinacuadrosabogados.com\/?page_id=484"},"modified":"2022-04-25T15:11:21","modified_gmt":"2022-04-25T13:11:21","slug":"despacho-madrid","status":"publish","type":"page","link":"https:\/\/medinacuadrosabogados.com\/en\/despacho-madrid\/","title":{"rendered":"Madrid Law Firm"},"content":{"rendered":"<p>[et_pb_section fb_built=\u00bb1\u2033 fullwidth=\u00bbon\u00bb admin_label=\u00bbHero Section\u00bb _builder_version=\u00bb4.0.6\u2033 custom_margin=\u00bb||||false|false\u00bb global_module=\u00bb757\u2033 saved_tabs=\u00bball\u00bb][et_pb_fullwidth_header subhead=\u00bbMadrid office\u00bb background_overlay_color=\u00bbrgba(0,0,0,0.76)\u00bb content_max_width=\u00bb1000%\u00bb _builder_version=\u00bb4.0.6\u2033 title_font=\u00bbOpen Sans|700||on|||||\u00bb title_text_color=\u00bb#ffffff\u00bb title_font_size=\u00bb14px\u00bb title_letter_spacing=\u00bb2px\u00bb title_line_height=\u00bb1.4em\u00bb content_font=\u00bbOpen Sans||||||||\u00bb content_font_size=\u00bb16px\u00bb content_letter_spacing=\u00bb1px\u00bb content_line_height=\u00bb2em\u00bb subhead_font=\u00bbOpen Sans|700||on|||||\u00bb subhead_text_align=\u00bbcenter\u00bb subhead_text_color=\u00bb#ffffff\u00bb subhead_font_size=\u00bb60px\u00bb subhead_letter_spacing=\u00bb3px\u00bb subhead_line_height=\u00bb1.4em\u00bb background_color=\u00bbrgba(255, 255, 255, 0)\u00bb background_image=\u00bbhttps:\/\/medinacuadrosabogados.com\/wp-content\/uploads\/2020\/09\/jorge-fernandez-salas-ChSZETOal-I-unsplash.jpg\u00bb custom_button_one=\u00bbon\u00bb button_one_border_width=\u00bb1px\u00bb button_one_border_color=\u00bbrgba(255,255,255,0.3)\u00bb button_one_border_radius=\u00bb0px\u00bb button_one_letter_spacing=\u00bb1px\u00bb button_one_font=\u00bbSaira Extra Condensed|600||on|||||\u00bb button_one_icon=\u00bb%%3%%\u00bb button_one_icon_color=\u00bb#edbb5f\u00bb custom_button_two=\u00bbon\u00bb button_two_border_width=\u00bb1px\u00bb button_two_border_color=\u00bbrgba(255,255,255,0.3)\u00bb button_two_border_radius=\u00bb0px\u00bb button_two_letter_spacing=\u00bb1px\u00bb button_two_font=\u00bbSaira Extra Condensed|600||on|||||\u00bb button_two_icon=\u00bb%%3%%\u00bb button_two_icon_color=\u00bb#edbb5f\u00bb module_alignment=\u00bbright\u00bb custom_margin=\u00bb|||\u00bb custom_padding=\u00bb11%||260px||false|false\u00bb custom_padding_tablet=\u00bb8%||130px||false|false\u00bb custom_padding_phone=\u00bb||80px||false|false\u00bb custom_padding_last_edited=\u00bbon|phone\u00bb child_filter_hue_rotate=\u00bb193deg\u00bb child_filter_saturate=\u00bb164%\u00bb hover_enabled=\u00bb0\u2033 button_one_text_color_hover=\u00bb#edbb5f\u00bb button_two_text_color_hover=\u00bb#edbb5f\u00bb button_one_bg_color_hover=\u00bbrgba(0,0,0,0)\u00bb button_two_bg_color_hover=\u00bbrgba(0,0,0,0)\u00bb button_one_text_size__hover_enabled=\u00bboff\u00bb button_two_text_size__hover_enabled=\u00bboff\u00bb button_one_text_color__hover_enabled=\u00bbon\u00bb button_one_text_color__hover=\u00bb#edbb5f\u00bb button_two_text_color__hover_enabled=\u00bbon\u00bb button_two_text_color__hover=\u00bb#edbb5f\u00bb button_one_border_width__hover_enabled=\u00bboff\u00bb button_two_border_width__hover_enabled=\u00bboff\u00bb button_one_border_color__hover_enabled=\u00bboff\u00bb button_two_border_color__hover_enabled=\u00bboff\u00bb button_one_border_radius__hover_enabled=\u00bboff\u00bb button_two_border_radius__hover_enabled=\u00bboff\u00bb button_one_letter_spacing__hover_enabled=\u00bboff\u00bb button_two_letter_spacing__hover_enabled=\u00bboff\u00bb button_one_bg_color__hover_enabled=\u00bbon\u00bb button_one_bg_color__hover=\u00bbrgba(0,0,0,0)\u00bb button_two_bg_color__hover_enabled=\u00bbon\u00bb button_two_bg_color__hover=\u00bbrgba(0,0,0,0)\u00bb title_text_align=\u00bbcenter\u00bb custom_margin_last_edited=\u00bbon|phone\u00bb custom_margin_phone=\u00bb|||-20px|false|false\u00bb][\/et_pb_fullwidth_header][\/et_pb_section][et_pb_section fb_built=\u00bb1\u2033 specialty=\u00bbon\u00bb padding_top_bottom_link_1=\u00bbfalse\u00bb padding_top_bottom_link_2=\u00bbfalse\u00bb padding_left_right_link_1=\u00bbfalse\u00bb padding_left_right_link_2=\u00bbfalse\u00bb padding_top_1=\u00bb160px\u00bb padding_top_2=\u00bb270px\u00bb admin_label=\u00bbContact\u00bb _builder_version=\u00bb4.0.6\u2033 background_color=\u00bb#003057\u2033 custom_margin=\u00bb|||\u00bb custom_padding=\u00bb0px|0px|70px|0px|false|false\u00bb][et_pb_column type=\u00bb1_2\u2033 specialty_columns=\u00bb2\u2033 _builder_version=\u00bb3.25\u2033 custom_padding=\u00bb|||\u00bb custom_padding__hover=\u00bb|||\u00bb][et_pb_row_inner custom_padding_last_edited=\u00bbon|desktop\u00bb _builder_version=\u00bb4.0.6\u2033 background_color=\u00bb#7bafd4\u2033 custom_margin=\u00bb0px||0px||false|false\u00bb custom_padding=\u00bb60px|60px|34px|60px||\u00bb custom_padding_tablet=\u00bb\u00bb custom_padding_phone=\u00bb|40px||40px\u00bb][et_pb_column_inner saved_specialty_column_type=\u00bb1_2\u2033 _builder_version=\u00bb3.25\u2033 custom_padding=\u00bb|||\u00bb custom_padding__hover=\u00bb|||\u00bb][et_pb_text _builder_version=\u00bb4.0.6\u2033 text_font=\u00bb||||||||\u00bb header_font=\u00bbOpen Sans|700||on|||||\u00bb header_text_color=\u00bb#003057\u2033 header_font_size=\u00bb38px\u00bb header_letter_spacing=\u00bb1px\u00bb header_line_height=\u00bb1.4em\u00bb header_2_font=\u00bb||||||||\u00bb header_3_font=\u00bb||||||||\u00bb text_orientation=\u00bbcenter\u00bb max_width=\u00bb550px\u00bb module_alignment=\u00bbcenter\u00bb custom_margin=\u00bb|||\u00bb locked=\u00bboff\u00bb]<\/p>\n<h1>CONTACT<\/h1>\n<p>[\/et_pb_text][et_pb_contact_form captcha=\u00bboff\u00bb email=\u00bbmadrid@medinacuadros.es\u00bb custom_message=\u00bbUna persona ha enviado el siguiente mensaje desde el formulario de contacto de la web:||et_pb_line_break_holder||%%Mensaje%%||et_pb_line_break_holder||%%Tel\u00e9fono%%||et_pb_line_break_holder||%%Email%%||et_pb_line_break_holder||%%Nombre%%\u00bb success_message=\u00bbGracias. Tu mensaje se ha enviado correctamente\u00bb submit_button_text=\u00bbENVIAR\u00bb module_id=\u00bbet_pb_contact_form_0&#8243; _builder_version=\u00bb4.0.6&#8243; form_field_background_color=\u00bb#ffffff\u00bb form_field_text_color=\u00bb#003057&#8243; title_level=\u00bbh2&#8243; title_font=\u00bbOpen Sans|700||on|||||\u00bb title_text_align=\u00bbcenter\u00bb title_font_size=\u00bb38px\u00bb title_line_height=\u00bb1.4em\u00bb captcha_font=\u00bbOpen Sans||||||||\u00bb form_field_font=\u00bbOpen Sans|700||on|||||\u00bb form_field_font_size=\u00bb12px\u00bb form_field_letter_spacing=\u00bb2px\u00bb custom_button=\u00bbon\u00bb button_text_size=\u00bb16px\u00bb button_text_color=\u00bb#003057&#8243; button_border_width=\u00bb2px\u00bb button_border_radius=\u00bb0px\u00bb button_letter_spacing=\u00bb1px\u00bb button_font=\u00bbOpen Sans|600||on|||||\u00bb button_use_icon=\u00bboff\u00bb text_orientation=\u00bbleft\u00bb custom_margin=\u00bb|||0px|false|false\u00bb custom_padding=\u00bb|||\u00bb border_color_all=\u00bb#dfdfe3&#8243; border_width_bottom=\u00bb1px\u00bb form_background_color=\u00bb#ffffff\u00bb locked=\u00bboff\u00bb button_letter_spacing_hover=\u00bb1px\u00bb][et_pb_contact_field field_id=\u00bbNombre\u00bb field_title=\u00bbNombre\u00bb fullwidth_field=\u00bbon\u00bb _builder_version=\u00bb4.0.6&#8243; form_field_font=\u00bb||||||||\u00bb custom_margin=\u00bb||20px|\u00bb custom_padding=\u00bb|||\u00bb button_text_size__hover_enabled=\u00bboff\u00bb button_one_text_size__hover_enabled=\u00bboff\u00bb button_two_text_size__hover_enabled=\u00bboff\u00bb button_text_color__hover_enabled=\u00bboff\u00bb button_one_text_color__hover_enabled=\u00bboff\u00bb button_two_text_color__hover_enabled=\u00bboff\u00bb button_border_width__hover_enabled=\u00bboff\u00bb button_one_border_width__hover_enabled=\u00bboff\u00bb button_two_border_width__hover_enabled=\u00bboff\u00bb button_border_color__hover_enabled=\u00bboff\u00bb button_one_border_color__hover_enabled=\u00bboff\u00bb button_two_border_color__hover_enabled=\u00bboff\u00bb button_border_radius__hover_enabled=\u00bboff\u00bb button_one_border_radius__hover_enabled=\u00bboff\u00bb button_two_border_radius__hover_enabled=\u00bboff\u00bb button_letter_spacing__hover_enabled=\u00bboff\u00bb button_one_letter_spacing__hover_enabled=\u00bboff\u00bb button_two_letter_spacing__hover_enabled=\u00bboff\u00bb button_bg_color__hover_enabled=\u00bboff\u00bb button_one_bg_color__hover_enabled=\u00bboff\u00bb button_two_bg_color__hover_enabled=\u00bboff\u00bb][\/et_pb_contact_field][et_pb_contact_field field_id=\u00bbEmail\u00bb field_title=\u00bbEmail \u00bb fullwidth_field=\u00bbon\u00bb _builder_version=\u00bb4.0.6&#8243; form_field_font=\u00bb||||||||\u00bb custom_margin=\u00bb||20px|\u00bb button_text_size__hover_enabled=\u00bboff\u00bb button_one_text_size__hover_enabled=\u00bboff\u00bb button_two_text_size__hover_enabled=\u00bboff\u00bb button_text_color__hover_enabled=\u00bboff\u00bb button_one_text_color__hover_enabled=\u00bboff\u00bb button_two_text_color__hover_enabled=\u00bboff\u00bb button_border_width__hover_enabled=\u00bboff\u00bb button_one_border_width__hover_enabled=\u00bboff\u00bb button_two_border_width__hover_enabled=\u00bboff\u00bb button_border_color__hover_enabled=\u00bboff\u00bb button_one_border_color__hover_enabled=\u00bboff\u00bb button_two_border_color__hover_enabled=\u00bboff\u00bb button_border_radius__hover_enabled=\u00bboff\u00bb button_one_border_radius__hover_enabled=\u00bboff\u00bb button_two_border_radius__hover_enabled=\u00bboff\u00bb button_letter_spacing__hover_enabled=\u00bboff\u00bb button_one_letter_spacing__hover_enabled=\u00bboff\u00bb button_two_letter_spacing__hover_enabled=\u00bboff\u00bb button_bg_color__hover_enabled=\u00bboff\u00bb button_one_bg_color__hover_enabled=\u00bboff\u00bb button_two_bg_color__hover_enabled=\u00bboff\u00bb][\/et_pb_contact_field][et_pb_contact_field field_id=\u00bbTel\u00e9fono\u00bb field_title=\u00bbTelefono\u00bb required_mark=\u00bboff\u00bb fullwidth_field=\u00bbon\u00bb _builder_version=\u00bb4.0.6&#8243; form_field_font=\u00bb||||||||\u00bb custom_margin=\u00bb||20px|\u00bb button_text_size__hover_enabled=\u00bboff\u00bb button_one_text_size__hover_enabled=\u00bboff\u00bb button_two_text_size__hover_enabled=\u00bboff\u00bb button_text_color__hover_enabled=\u00bboff\u00bb button_one_text_color__hover_enabled=\u00bboff\u00bb button_two_text_color__hover_enabled=\u00bboff\u00bb button_border_width__hover_enabled=\u00bboff\u00bb button_one_border_width__hover_enabled=\u00bboff\u00bb button_two_border_width__hover_enabled=\u00bboff\u00bb button_border_color__hover_enabled=\u00bboff\u00bb button_one_border_color__hover_enabled=\u00bboff\u00bb button_two_border_color__hover_enabled=\u00bboff\u00bb button_border_radius__hover_enabled=\u00bboff\u00bb button_one_border_radius__hover_enabled=\u00bboff\u00bb button_two_border_radius__hover_enabled=\u00bboff\u00bb button_letter_spacing__hover_enabled=\u00bboff\u00bb button_one_letter_spacing__hover_enabled=\u00bboff\u00bb button_two_letter_spacing__hover_enabled=\u00bboff\u00bb button_bg_color__hover_enabled=\u00bboff\u00bb button_one_bg_color__hover_enabled=\u00bboff\u00bb button_two_bg_color__hover_enabled=\u00bboff\u00bb][\/et_pb_contact_field][et_pb_contact_field field_id=\u00bbMensaje\u00bb field_title=\u00bbMensaje\u00bb field_type=\u00bbtext\u00bb fullwidth_field=\u00bbon\u00bb _builder_version=\u00bb4.0.6&#8243; form_field_background_color=\u00bbrgba(12,12,12,0.02)\u00bb form_field_font=\u00bb||||||||\u00bb background_color=\u00bb#ffffff\u00bb background_enable_color=\u00bbon\u00bb custom_margin=\u00bb40px||20px|\u00bb border_width_all=\u00bb1px\u00bb field_background_color=\u00bbrgba(12,12,12,0.02)\u00bb button_text_size__hover_enabled=\u00bboff\u00bb button_one_text_size__hover_enabled=\u00bboff\u00bb button_two_text_size__hover_enabled=\u00bboff\u00bb button_text_color__hover_enabled=\u00bboff\u00bb button_one_text_color__hover_enabled=\u00bboff\u00bb button_two_text_color__hover_enabled=\u00bboff\u00bb button_border_width__hover_enabled=\u00bboff\u00bb button_one_border_width__hover_enabled=\u00bboff\u00bb button_two_border_width__hover_enabled=\u00bboff\u00bb button_border_color__hover_enabled=\u00bboff\u00bb button_one_border_color__hover_enabled=\u00bboff\u00bb button_two_border_color__hover_enabled=\u00bboff\u00bb button_border_radius__hover_enabled=\u00bboff\u00bb button_one_border_radius__hover_enabled=\u00bboff\u00bb button_two_border_radius__hover_enabled=\u00bboff\u00bb button_letter_spacing__hover_enabled=\u00bboff\u00bb button_one_letter_spacing__hover_enabled=\u00bboff\u00bb button_two_letter_spacing__hover_enabled=\u00bboff\u00bb button_bg_color__hover_enabled=\u00bboff\u00bb button_one_bg_color__hover_enabled=\u00bboff\u00bb button_two_bg_color__hover_enabled=\u00bboff\u00bb][\/et_pb_contact_field][\/et_pb_contact_form][\/et_pb_column_inner][\/et_pb_row_inner][\/et_pb_column][et_pb_column type=\u00bb1_2&#8243; _builder_version=\u00bb3.25&#8243; custom_padding=\u00bb|||\u00bb custom_padding__hover=\u00bb|||\u00bb][et_pb_blurb title=\u00bbdirecci\u00f3n\u00bb use_icon=\u00bbon\u00bb font_icon=\u00bb%%249%%\u00bb icon_color=\u00bb#ffffff\u00bb use_circle=\u00bbon\u00bb circle_color=\u00bb#7bafd4&#8243; icon_placement=\u00bbleft\u00bb use_icon_font_size=\u00bbon\u00bb icon_font_size=\u00bb24px\u00bb _builder_version=\u00bb4.0.6&#8243; header_font=\u00bbOpen Sans|700||on|||||\u00bb header_text_color=\u00bb#ffffff\u00bb header_font_size=\u00bb17px\u00bb body_font=\u00bbOpen Sans|700|||||||\u00bb body_text_color=\u00bb#7bafd4&#8243; body_font_size=\u00bb17px\u00bb custom_margin=\u00bb||40px|\u00bb animation_style=\u00bbzoom\u00bb animation_intensity_zoom=\u00bb30%\u00bb animation=\u00bboff\u00bb border_style_all=\u00bbdashed\u00bb locked=\u00bboff\u00bb]<\/p>\n<p style=\"text-align: left;\"><span>Marqu\u00e9s de Salamanca Square, 2<\/span><\/p>\n<p style=\"text-align: left;\"><span>Ground floor<\/span><\/p>\n<p style=\"text-align: left;\"><span>28006 Madrid<\/span><\/p>\n<p>[\/et_pb_blurb][et_pb_blurb title=\u00bbcontacto\u00bb use_icon=\u00bbon\u00bb font_icon=\u00bb%%221%%\u00bb icon_color=\u00bb#ffffff\u00bb use_circle=\u00bbon\u00bb circle_color=\u00bb#7bafd4&#8243; icon_placement=\u00bbleft\u00bb use_icon_font_size=\u00bbon\u00bb icon_font_size=\u00bb24px\u00bb _builder_version=\u00bb4.0.6&#8243; header_font=\u00bbOpen Sans|700||on|||||\u00bb header_text_color=\u00bb#ffffff\u00bb header_font_size=\u00bb17px\u00bb body_font=\u00bbOpen Sans|700|||||||\u00bb body_text_color=\u00bb#7bafd4&#8243; body_font_size=\u00bb17px\u00bb custom_margin=\u00bb||40px|\u00bb animation_style=\u00bbzoom\u00bb animation_intensity_zoom=\u00bb30%\u00bb animation=\u00bboff\u00bb border_style_all=\u00bbdashed\u00bb locked=\u00bboff\u00bb]<\/p>\n<p style=\"text-align: left;\"><span>Telephone: +34 91 562 53 23<\/span><\/p>\n<p style=\"text-align: left;\"><span>FAX: +34 91 411 95 79<\/span><\/p>\n<p>E-mail: <span style=\"color: #ffffff;\"><a href=\"mailto:madrid@medinacuadros.es\" style=\"color: #ffffff;\">madrid@medinacuadros.es<\/a><\/span><\/p>\n<p>[\/et_pb_blurb][et_pb_blurb title=\u00bbHORARIO\u00bb use_icon=\u00bbon\u00bb font_icon=\u00bb%%227%%\u00bb icon_color=\u00bb#ffffff\u00bb use_circle=\u00bbon\u00bb circle_color=\u00bb#7bafd4&#8243; icon_placement=\u00bbleft\u00bb use_icon_font_size=\u00bbon\u00bb icon_font_size=\u00bb24px\u00bb _builder_version=\u00bb4.0.6&#8243; header_font=\u00bbOpen Sans|700||on|||||\u00bb header_text_color=\u00bb#ffffff\u00bb header_font_size=\u00bb17px\u00bb body_font=\u00bbOpen Sans|700|||||||\u00bb body_text_color=\u00bb#7bafd4&#8243; body_font_size=\u00bb17px\u00bb custom_margin=\u00bb||40px|\u00bb animation_style=\u00bbzoom\u00bb animation_intensity_zoom=\u00bb30%\u00bb animation=\u00bboff\u00bb border_style_all=\u00bbdashed\u00bb locked=\u00bboff\u00bb]<\/p>\n<p style=\"text-align: left;\">Monday to Friday: 8:00 AM to 6:00 PM.<\/p>\n<p style=\"text-align: left;\">[\/et_pb_blurb][\/et_pb_column][\/et_pb_section][et_pb_section fb_built=\u00bb1\u2033 _builder_version=\u00bb4.0.6\u2033 background_color=\u00bb#003057\u2033 min_height=\u00bb731px\u00bb custom_padding=\u00bb56px||||false|false\u00bb][et_pb_row _builder_version=\u00bb4.0.6\u2033 module_alignment=\u00bbcenter\u00bb custom_padding=\u00bb0px|||||\u00bb][et_pb_column type=\u00bb4_4\u2033 _builder_version=\u00bb4.0.6\u2033][et_pb_code _builder_version=\u00bb4.0.6\u2033 width=\u00bb100%\u00bb max_width=\u00bb100%\u00bb min_height=\u00bb100px\u00bb height=\u00bb100px\u00bb custom_padding=\u00bb||0px||false|false\u00bb]<iframe src=\"https:\/\/www.google.com\/maps\/embed?pb=!1m18!1m12!1m3!1d3037.0643413518023!2d-3.6824389847006627!3d40.42957416278213!2m3!1f0!2f0!3f0!3m2!1i1024!2i768!4f13.1!3m3!1m2!1s0xd4228be63c69545%3A0x3d6eed282f98e91b!2sPl.%20del%20Marqu%C3%A9s%20de%20Salamanca%2C%202%2C%2028006%20Madrid!5e0!3m2!1ses!2ses!4v1615905168851!5m2!1ses!2ses\" width=\"1200\" height=\"500\" style=\"border:0;\" allowfullscreen=\"\" loading=\"lazy\"><\/iframe><!-- [et_pb_line_break_holder] -->[\/et_pb_code][\/et_pb_column][\/et_pb_row][\/et_pb_section][et_pb_section fb_built=\u00bb1\u2033 admin_label=\u00bbsection\u00bb _builder_version=\u00bb4.0.6\u2033 background_color=\u00bb#222222\u2033 min_height=\u00bb160.9px\u00bb custom_margin=\u00bb||||false|false\u00bb custom_padding=\u00bb2px||4px||false|false\u00bb global_module=\u00bb3025\u2033][et_pb_row column_structure=\u00bb1_6,1_6,1_6,1_6,1_6,1_6\u2033 disabled_on=\u00bboff|off|off\u00bb module_class=\u00bbtwo-columns\u00bb _builder_version=\u201d4.0.6\u2033 module_alignment=\u00bbcenter\u00bb collapsed=\u00bboff\u00bb][et_pb_column type=\u00bb1_6\u2033 _builder_version=\u00bb4.0.6\u2033][et_pb_image src=\u00bbhttps:\/\/medinacuadrosabogados.com\/wp-content\/uploads\/2022\/04\/iso-9001.jpg\u00bb url=\u00bbhttps:\/\/medinacuadrosabogados.com\/wp-content\/uploads\/2022\/04\/2021-M7-ISO-9001-2015-0738.2021.pdf\u00bb url_new_window=\u00bbon\u00bb align=\u00bbcenter\u00bb _builder_version=\u00bb4.0.6\u2033 max_width_tablet=\u00bb\u00bb max_width_phone=\u00bb80%\u00bb max_width_last_edited=\u00bbon|phone\u00bb][\/et_pb_image][\/et_pb_column][et_pb_column type=\u00bb1_6\u2033 _builder_version=\u00bb4.0.6\u2033][et_pb_image src=\u00bbhttps:\/\/medinacuadrosabogados.com\/wp-content\/uploads\/2022\/04\/iso-27001.jpg\u00bb url=\u00bbhttps:\/\/medinacuadrosabogados.com\/wp-content\/uploads\/2022\/04\/2021-M7-ISO-IEC-27001-2013-0739.2021.pdf\u00bb url_new_window=\u00bbon\u00bb align=\u00bbcenter\u00bb _builder_version=\u00bb4.0.6\u2033 max_width_tablet=\u00bb\u00bb max_width_phone=\u00bb80%\u00bb max_width_last_edited=\u00bbon|phone\u00bb][\/et_pb_image][\/et_pb_column][et_pb_column type=\u00bb1_6\u2033 _builder_version=\u00bb4.0.6\u2033][et_pb_image src=\u00bbhttps:\/\/medinacuadrosabogados.com\/wp-content\/uploads\/2022\/04\/agenda-2030.jpg\u00bb url=\u00bbhttps:\/\/www.unglobalcompact.org\/participation\/report\/cop\/create-and-submit\/active\/460738\u2033 url_new_window=\u00bbon\u00bb align=\u00bbcenter\u00bb _builder_version=\u00bb4.0.6\u2033 max_width_tablet=\u00bb\u00bb max_width_phone=\u00bb80%\u00bb max_width_last_edited=\u00bbon|phone\u00bb][\/et_pb_image][\/et_pb_column][et_pb_column type=\u00bb1_6\u2033 _builder_version=\u00bb4.0.6\u2033][et_pb_image src=\u00bbhttps:\/\/medinacuadrosabogados.com\/wp-content\/uploads\/2022\/04\/rgpd-2018-300\u00d7225-1.png\u00bb align=\u00bbcenter\u00bb _builder_version=\u00bb4.0.6\u2033 max_width_tablet=\u00bb\u00bb max_width_phone=\u00bb80%\u00bb max_width_last_edited=\u00bbon|phone\u00bb][\/et_pb_image][\/et_pb_column][et_pb_column type=\u00bb1_6\u2033 _builder_version=\u00bb4.0.6\u2033][\/et_pb_column][et_pb_column type=\u00bb1_6\u2033 _builder_version=\u00bb4.0.6\u2033][\/et_pb_column][\/et_pb_row][\/et_pb_section]<\/p>","protected":false},"excerpt":{"rendered":"<p>CONTACTPlaza Marqu\u00e9s de Salamanca, 2 Ground Floor 28006 MadridTelephone: +34 91 562 53 23 FAX: +34 91 411 95 79 E-mail: madrid@medinacuadros.esMonday to Friday: 8:00 a.m. to 6:00 p.m.<\/p>","protected":false},"author":3,"featured_media":0,"parent":0,"menu_order":0,"comment_status":"closed","ping_status":"closed","template":"","meta":{"_et_pb_use_builder":"on","_et_pb_old_content":"","_et_gb_content_width":"","_oct_exclude_from_cache":false,"om_disable_all_campaigns":false,"footnotes":""},"class_list":["post-484","page","type-page","status-publish","hentry"],"yoast_head":"<!-- This site is optimized with the Yoast SEO plugin v25.4 - https:\/\/yoast.com\/wordpress\/plugins\/seo\/ -->\n<title>Despacho Madrid Abogados - Medinacuadros<\/title>\n<meta name=\"description\" content=\"Medina Cuadros Abogados. 45 a\u00f1os de experiencia jur\u00eddica. Despacho en Madrid ubicado el la Plaza del Marqu\u00e9s de Salamanca. Contacta.\" \/>\n<meta name=\"robots\" content=\"noindex, follow, max-snippet:-1, max-image-preview:large, max-video-preview:-1\" \/>\n<meta property=\"og:locale\" content=\"en_US\" \/>\n<meta property=\"og:type\" content=\"article\" \/>\n<meta property=\"og:title\" content=\"Despacho Madrid Abogados - Medinacuadros\" \/>\n<meta property=\"og:description\" content=\"Medina Cuadros Abogados. 45 a\u00f1os de experiencia jur\u00eddica. Despacho en Madrid ubicado el la Plaza del Marqu\u00e9s de Salamanca. Contacta.\" \/>\n<meta property=\"og:url\" content=\"https:\/\/medinacuadrosabogados.com\/en\/despacho-madrid\/\" \/>\n<meta property=\"og:site_name\" content=\"Medinacuadros\" \/>\n<meta property=\"article:modified_time\" content=\"2022-04-25T13:11:21+00:00\" \/>\n<meta name=\"twitter:card\" content=\"summary_large_image\" \/>\n<meta name=\"twitter:label1\" content=\"Est. reading time\" \/>\n\t<meta name=\"twitter:data1\" content=\"10 minutes\" \/>\n<script type=\"application\/ld+json\" class=\"yoast-schema-graph\">{\"@context\":\"https:\/\/schema.org\",\"@graph\":[{\"@type\":\"WebPage\",\"@id\":\"https:\/\/medinacuadrosabogados.com\/despacho-madrid\/\",\"url\":\"https:\/\/medinacuadrosabogados.com\/despacho-madrid\/\",\"name\":\"Despacho Madrid Abogados - Medinacuadros\",\"isPartOf\":{\"@id\":\"https:\/\/medinacuadrosabogados.com\/#website\"},\"datePublished\":\"2020-08-07T14:23:20+00:00\",\"dateModified\":\"2022-04-25T13:11:21+00:00\",\"description\":\"Medina Cuadros Abogados. 45 a\u00f1os de experiencia jur\u00eddica. Despacho en Madrid ubicado el la Plaza del Marqu\u00e9s de Salamanca. Contacta.\",\"inLanguage\":\"en-US\",\"potentialAction\":[{\"@type\":\"ReadAction\",\"target\":[\"https:\/\/medinacuadrosabogados.com\/despacho-madrid\/\"]}]},{\"@type\":\"WebSite\",\"@id\":\"https:\/\/medinacuadrosabogados.com\/#website\",\"url\":\"https:\/\/medinacuadrosabogados.com\/\",\"name\":\"Medinacuadros\",\"description\":\"\",\"potentialAction\":[{\"@type\":\"SearchAction\",\"target\":{\"@type\":\"EntryPoint\",\"urlTemplate\":\"https:\/\/medinacuadrosabogados.com\/?s={search_term_string}\"},\"query-input\":{\"@type\":\"PropertyValueSpecification\",\"valueRequired\":true,\"valueName\":\"search_term_string\"}}],\"inLanguage\":\"en-US\"}]}<\/script>\n<!-- \/ Yoast SEO plugin. -->","yoast_head_json":{"title":"Despacho Madrid Abogados - Medinacuadros","description":"Medina Cuadros Abogados. 45 a\u00f1os de experiencia jur\u00eddica. Despacho en Madrid ubicado el la Plaza del Marqu\u00e9s de Salamanca. Contacta.","robots":{"index":"noindex","follow":"follow","max-snippet":"max-snippet:-1","max-image-preview":"max-image-preview:large","max-video-preview":"max-video-preview:-1"},"og_locale":"en_US","og_type":"article","og_title":"Despacho Madrid Abogados - Medinacuadros","og_description":"Medina Cuadros Abogados. 45 a\u00f1os de experiencia jur\u00eddica. Despacho en Madrid ubicado el la Plaza del Marqu\u00e9s de Salamanca. Contacta.","og_url":"https:\/\/medinacuadrosabogados.com\/en\/despacho-madrid\/","og_site_name":"Medinacuadros","article_modified_time":"2022-04-25T13:11:21+00:00","twitter_card":"summary_large_image","twitter_misc":{"Est. reading time":"10 minutes"},"schema":{"@context":"https:\/\/schema.org","@graph":[{"@type":"WebPage","@id":"https:\/\/medinacuadrosabogados.com\/despacho-madrid\/","url":"https:\/\/medinacuadrosabogados.com\/despacho-madrid\/","name":"Despacho Madrid Abogados - Medinacuadros","isPartOf":{"@id":"https:\/\/medinacuadrosabogados.com\/#website"},"datePublished":"2020-08-07T14:23:20+00:00","dateModified":"2022-04-25T13:11:21+00:00","description":"Medina Cuadros Abogados. 45 a\u00f1os de experiencia jur\u00eddica. Despacho en Madrid ubicado el la Plaza del Marqu\u00e9s de Salamanca. Contacta.","inLanguage":"en-US","potentialAction":[{"@type":"ReadAction","target":["https:\/\/medinacuadrosabogados.com\/despacho-madrid\/"]}]},{"@type":"WebSite","@id":"https:\/\/medinacuadrosabogados.com\/#website","url":"https:\/\/medinacuadrosabogados.com\/","name":"Medinacuadros","description":"","potentialAction":[{"@type":"SearchAction","target":{"@type":"EntryPoint","urlTemplate":"https:\/\/medinacuadrosabogados.com\/?s={search_term_string}"},"query-input":{"@type":"PropertyValueSpecification","valueRequired":true,"valueName":"search_term_string"}}],"inLanguage":"en-US"}]}},"_links":{"self":[{"href":"https:\/\/medinacuadrosabogados.com\/en\/wp-json\/wp\/v2\/pages\/484","targetHints":{"allow":["GET"]}}],"collection":[{"href":"https:\/\/medinacuadrosabogados.com\/en\/wp-json\/wp\/v2\/pages"}],"about":[{"href":"https:\/\/medinacuadrosabogados.com\/en\/wp-json\/wp\/v2\/types\/page"}],"author":[{"embeddable":true,"href":"https:\/\/medinacuadrosabogados.com\/en\/wp-json\/wp\/v2\/users\/3"}],"replies":[{"embeddable":true,"href":"https:\/\/medinacuadrosabogados.com\/en\/wp-json\/wp\/v2\/comments?post=484"}],"version-history":[{"count":33,"href":"https:\/\/medinacuadrosabogados.com\/en\/wp-json\/wp\/v2\/pages\/484\/revisions"}],"predecessor-version":[{"id":3125,"href":"https:\/\/medinacuadrosabogados.com\/en\/wp-json\/wp\/v2\/pages\/484\/revisions\/3125"}],"wp:attachment":[{"href":"https:\/\/medinacuadrosabogados.com\/en\/wp-json\/wp\/v2\/media?parent=484"}],"curies":[{"name":"wp","href":"https:\/\/api.w.org\/{rel}","templated":true}]}}