{"id":1220,"date":"2021-04-19T15:45:00","date_gmt":"2021-04-19T15:45:00","guid":{"rendered":"https:\/\/medinacuadrosabogados.com\/?page_id=1220"},"modified":"2022-03-25T09:37:02","modified_gmt":"2022-03-25T08:37:02","slug":"aviso-de-cookies","status":"publish","type":"page","link":"https:\/\/medinacuadrosabogados.com\/en\/aviso-de-cookies\/","title":{"rendered":"Cookie Notice"},"content":{"rendered":"<p>[et_pb_section fb_built=\u00bb1\u2033 fullwidth=\u00bbon\u00bb admin_label=\u00bbHero Section\u00bb _builder_version=\u00bb3.22\u2033][et_pb_fullwidth_header subhead=\u00bbCookie POLICY\u00bb background_overlay_color=\u00bbrgba(0,0,0,0.41)\u00bb content_max_width=\u00bb550px\u00bb _builder_version=\u00bb4.0.6\u2033 title_font=\u00bbOpen Sans|700||on|||||\u00bb title_text_color=\u00bb#edbb5f\u00bb title_font_size=\u00bb14px\u00bb title_letter_spacing=\u00bb2px\u00bb title_line_height=\u00bb1.4em\u00bb content_font=\u00bbPoppins||||||||\u00bb content_font_size=\u00bb16px\u00bb content_letter_spacing=\u00bb1px\u00bb content_line_height=\u00bb2em\u00bb subhead_font=\u00bbOpen Sans|700||on|||||\u00bb subhead_text_color=\u00bb#ffffff\u00bb subhead_font_size=\u00bb52px\u00bb subhead_line_height=\u00bb1.4em\u00bb background_color=\u00bbrgba(255, 255, 255, 0)\u00bb background_image=\u00bbhttps:\/\/medinacuadrosabogados.com\/wp-content\/uploads\/2020\/08\/pexels-burst-374720.jpg\u00bb parallax=\u00bbon\u00bb parallax_method=\u00bbon\u00bb custom_button_one=\u00bbon\u00bb button_one_border_width=\u00bb1px\u00bb button_one_border_color=\u00bbrgba(255,255,255,0.3)\u00bb button_one_border_radius=\u00bb0px\u00bb button_one_letter_spacing=\u00bb1px\u00bb button_one_font=\u00bbSaira Extra Condensed|600||on|||||\u00bb button_one_icon=\u00bb%%3%%\u00bb button_one_icon_color=\u00bb#edbb5f\u00bb custom_button_two=\u00bbon\u00bb button_two_border_width=\u00bb1px\u00bb button_two_border_color=\u00bbrgba(255,255,255,0.3)\u00bb button_two_border_radius=\u00bb0px\u00bb button_two_letter_spacing=\u00bb1px\u00bb button_two_font=\u00bbSaira Extra Condensed|600||on|||||\u00bb button_two_icon=\u00bb%%3%%\u00bb button_two_icon_color=\u00bb#edbb5f\u00bb module_alignment=\u00bbright\u00bb custom_margin=\u00bb|||\u00bb custom_padding=\u00bb8%||8%|\u00bb hover_enabled=\u00bb0\u2033 button_one_text_color_hover=\u00bb#edbb5f\u00bb button_two_text_color_hover=\u00bb#edbb5f\u00bb button_one_bg_color_hover=\u00bbrgba(0,0,0,0)\u00bb button_two_bg_color_hover=\u00bbrgba(0,0,0,0)\u00bb button_one_text_size__hover_enabled=\u00bboff\u00bb button_two_text_size__hover_enabled=\u00bboff\u00bb button_one_text_color__hover_enabled=\u00bbon\u00bb button_one_text_color__hover=\u00bb#edbb5f\u00bb button_two_text_color__hover_enabled=\u00bbon\u00bb button_two_text_color__hover=\u00bb#edbb5f\u00bb button_one_border_width__hover_enabled=\u00bboff\u00bb button_two_border_width__hover_enabled=\u00bboff\u00bb button_one_border_color__hover_enabled=\u00bboff\u00bb button_two_border_color__hover_enabled=\u00bboff\u00bb button_one_border_radius__hover_enabled=\u00bboff\u00bb button_two_border_radius__hover_enabled=\u00bboff\u00bb button_one_letter_spacing__hover_enabled=\u00bboff\u00bb button_two_letter_spacing__hover_enabled=\u00bboff\u00bb button_one_bg_color__hover_enabled=\u00bbon\u00bb button_one_bg_color__hover=\u00bbrgba(0,0,0,0)\u00bb button_two_bg_color__hover_enabled=\u00bbon\u00bb button_two_bg_color__hover=\u00bbrgba(0,0,0,0)\u00bb][\/et_pb_fullwidth_header][\/et_pb_section][et_pb_section fb_built=\u00bb1\u2033 admin_label=\u00bbIntroduction\u00bb _builder_version=\u00bb4.0.6\u2033 custom_margin=\u00bb|||\u00bb custom_padding=\u00bb100px|0px|100px|0px\u00bb][et_pb_row use_custom_gutter=\u00bbon\u00bb gutter_width=\u00bb4\u2033 _builder_version=\u00bb4.0.6\u2033 animation_style=\u00bbfade\u00bb][et_pb_column type=\u00bb4_4\u2033 _builder_version=\u00bb3.25\u2033 custom_padding=\u00bb|||\u00bb custom_padding__hover=\u00bb|||\u00bb][et_pb_text _builder_version=\u00bb4.0.6\u2033 text_font=\u00bbOpen Sans||||||||\u00bb text_font_size=\u00bb16px\u00bb text_letter_spacing=\u00bb1px\u00bb text_line_height=\u00bb2em\u00bb header_font=\u00bb||||||||\u00bb header_2_font=\u00bbPlayfair Display|700|||||||\u00bb header_2_text_color=\u00bb#003057\u2033 header_2_font_size=\u00bb38px\u00bb header_2_letter_spacing=\u00bb1px\u00bb header_2_line_height=\u00bb1.4em\u00bb header_3_font=\u00bbPoppins|700||on|||||\u00bb header_3_text_color=\u00bb#7bafd4\u2033 header_3_font_size=\u00bb14px\u00bb header_3_letter_spacing=\u00bb1px\u00bb header_3_line_height=\u00bb2em\u00bb hover_enabled=\u00bb0\u2033]<\/p>\n<p><strong>Medina Cuadros Lawyers SL<\/strong> <strong>want to inform you about the use of cookies on their websites. <\/strong><\/p>\n<p>Cookies are files that can be downloaded to your computer through websites. They are tools that play an essential role in the provision of numerous information society services. Among other things, they allow a website to store and retrieve information about a user&#039;s browsing habits or their device and, depending on the information obtained, can be used to recognize the user and improve the service offered.<\/p>\n<p><strong>Types of cookies <\/strong><\/p>\n<p>There are two types of cookies, depending on the entity that manages the domain from which the cookies are sent and processes the data obtained: <strong>own cookies and third-party cookies<\/strong>.<\/p>\n<p>In addition, we talk about <strong>session cookies or permanent cookies, <\/strong>when it comes to the length of time they remain stored in the client&#039;s browser.<\/p>\n<p>Finally, there is another classification with five types of cookies depending on the purpose for which the data obtained is processed: <strong>Technical cookies, personalization cookies, analytical cookies, advertising cookies and behavioral advertising cookies<\/strong>.<\/p>\n<p>Cookies used for any of the following purposes are exempt from compliance with the obligations established in article 22.2 of Law 34\/2002, of July 11, on information society services and electronic commerce, hereinafter LSSI:<\/p>\n<p>\u2013 Allow communication only between the user\u2019s equipment and the network.<\/p>\n<p>\u2013 Strictly provide a service expressly requested by the user.<\/p>\n<p>In this regard, the Article 29 Working Party in its Opinion 4\/2012 (Opinion 4\/2012 on the exemption from the consent requirement for Cookies, <a href=\"http:\/\/ec.europa.eu\/justice\/data-protection\/article-29\/documentation\/opinion-recommendation\/files\/2012\/wp194_es.pdf\">http:\/\/ec.europa.eu\/justice\/data-protection\/article-29\/documentation\/opinion-recommendation\/files\/2012\/wp194_es.pdf<\/a>) has interpreted that among the excepted cookies would be those whose purpose is:<\/p>\n<p>\u2013 \u201cUser input\u201d cookies<\/p>\n<p>\u2013 Authentication or user identification cookies (session only)<\/p>\n<p>\u2013 User security cookies<\/p>\n<p>\u2013 Media player session cookies<\/p>\n<p>\u2013 Session cookies for load balancing<\/p>\n<p>\u2013 User interface customization cookies<\/p>\n<p>\u2013 Plug-in cookies for sharing social content<\/p>\n<p>Therefore, it can be understood that these cookies are excluded from the scope of application of Article 22.2 of the LSSI, and therefore, it would not be necessary to inform or obtain consent regarding their use.<\/p>\n<p><strong>Cookies used on the website:<\/strong><\/p>\n<p><u>WordPress:<\/u><\/p>\n<table>\n<tbody>\n<tr>\n<td colspan=\"2\" width=\"483\">Website<\/td>\n<\/tr>\n<tr>\n<td>cookillian_opt_*<\/td>\n<td width=\"340\">This cookie stores your preferences regarding the use of cookies on this website.<\/td>\n<\/tr>\n<tr>\n<td colspan=\"2\" width=\"483\">WordPress<\/td>\n<\/tr>\n<tr>\n<td>wordpress_test_cookie<\/td>\n<td width=\"340\">\n<p>This cookie helps determine whether cookies cannot be stored for WordPress.<\/p>\n<p>This cookie is required for the operation of this website.<\/p>\n<\/td>\n<\/tr>\n<tr>\n<td>wp-settings-*<\/td>\n<td width=\"340\">This cookie helps remember your personal preferences within WordPress.<\/td>\n<\/tr>\n<tr>\n<td>comment_author_*<\/td>\n<td width=\"340\">This cookie remembers your last comment, details such as your name and email address, so you won&#039;t have to re-enter it.<\/td>\n<\/tr>\n<tr>\n<td>wordpress_*<\/td>\n<td width=\"340\">\n<p>This authentication cookie stores WordPress details.<\/p>\n<p>This cookie is required for the operation of this website.<\/p>\n<\/td>\n<\/tr>\n<\/tbody>\n<\/table>\n<p><u>Google Analytics<\/u><\/p>\n<p>The websites of\u00a0<strong>Medina Cuadros Lawyers SL<\/strong> They use Google Analytics, a web analytics service developed by Google, which allows the measurement and analysis of website navigation. You may see cookies from this service in your browser. Depending on the type mentioned above, these are first-party, session, and analysis cookies. You can find more information about this and disable the use of these cookies at <a href=\"https:\/\/developers.google.com\/analytics\/devguides\/collection\/analyticsjs\/cookie-usage\">https:\/\/developers.google.com\/analytics\/devguides\/collection\/analyticsjs\/cookie-usage<\/a><\/p>\n<p>Web analytics collects information about the number of users accessing the website, the number of pages viewed, the frequency and repetition of visits, their duration, the browser used, the operator providing the service, the language, the device used, and the city to which the IP address is assigned. This information enables this website to provide a better and more appropriate service.<\/p>\n<p><u>Google Maps<\/u><\/p>\n<p>The websites of the <strong>Medina Cuadros Lawyers SL<\/strong> They use Google Maps. You can find more information about this at <a href=\"https:\/\/www.google.com\/intl\/es\/policies\/technologies\/cookies\/\">https:\/\/www.google.com\/intl\/es\/policies\/technologies\/cookies\/<\/a><\/p>\n<p><strong>Acceptance of the Cookie Policy<\/strong><\/p>\n<p><strong>Medina Cuadros Lawyers SL<\/strong> assumes that you accept the use of cookies. However, it displays information about its Cookie Policy at the bottom of any page on the website each time you log in so that you are aware.<\/p>\n<p>Given this information, the following actions can be taken:<\/p>\n<p><strong>Accept cookies. <\/strong>This notice will not be displayed again when accessing any page of the websites during the current session.<\/p>\n<p><strong>Do not accept. <\/strong>The website will not function properly and you will not be able to browse it.<\/p>\n<p><strong>Modify your settings:<\/strong><\/p>\n<p><u>How to modify cookie settings <\/u><\/p>\n<p>You can restrict, block or delete cookies from <strong>Medina Cuadros Lawyers SL<\/strong> or any other website, using your browser. The procedure varies depending on each browser; the &quot;Help&quot; function will show you how.<\/p>\n<p><strong>Internet Explorer: <\/strong><a href=\"http:\/\/windows.microsoft.com\/es-xl\/internet-explorer\/delete-manage-cookies#ie=ie-10\">windows.microsoft.com\/es-xl\/internet-explorer\/delete-manage-cookies#ie=\u201die-10\u2033 <\/a><\/p>\n<p><strong>FireFox: <\/strong><a href=\"https:\/\/support.mozilla.org\/es\/kb\/Borrar%20cookies\">support.mozilla.org\/es\/kb\/Borrar%20cookies <\/a><\/p>\n<p><strong>Chrome: <\/strong><a href=\"https:\/\/support.google.com\/chrome\/answer\/95647?hl=es\">support.google.com\/chrome\/answer\/95647?hl=\u201des\u201d <\/a><\/p>\n<p><strong>Safari: <\/strong><a href=\"http:\/\/www.apple.com\/es\/privacy\/use-of-cookies\/\">www.apple.com\/privacy\/use-of-cookies\/ <\/a><\/p>\n<p>In addition, you can also manage the cookie storage in your browser through tools such as the following:<\/p>\n<p>Ghostery: <a href=\"http:\/\/www.ghostery.com\/\">www.ghostery.com\/ <\/a><\/p>\n<p>Your online choices: <a href=\"http:\/\/www.youronlinechoices.com\/es\/\">www.youronlinechoices.com\/es\/ <\/a><\/p>\n<p>&nbsp;<\/p>\n<p>[\/et_pb_text][\/et_pb_column][\/et_pb_row][et_pb_row use_custom_gutter=\u00bbon\u00bb gutter_width=\u00bb4\u2033 _builder_version=\u00bb4.0.6\u2033 animation_style=\u00bbfade\u00bb][et_pb_column type=\u00bb4_4\u2033 _builder_version=\u00bb3.25\u2033 custom_padding=\u00bb|||\u00bb custom_padding__hover=\u00bb|||\u00bb][et_pb_text _builder_version=\u00bb4.0.6\u2033 text_font=\u00bbPoppins||||||||\u00bb text_font_size=\u00bb16px\u00bb text_letter_spacing=\u00bb1px\u00bb text_line_height=\u00bb2em\u00bb header_font=\u00bb||||||||\u00bb header_2_font=\u00bbPlayfair Display|700|||||||\u00bb header_2_text_color=\u00bb#003057\u2033 header_2_font_size=\u00bb38px\u00bb header_2_letter_spacing=\u00bb1px\u00bb header_2_line_height=\u00bb1.4em\u00bb header_3_font=\u00bbPoppins|700||on|||||\u00bb header_3_text_color=\u00bb#7bafd4\u2033 header_3_font_size=\u00bb14px\u00bb header_3_letter_spacing=\u00bb1px\u00bb header_3_line_height=\u00bb2em\u00bb]<\/p>\n<div class=\"cuerpo-1\">\n<p>&nbsp;<\/p>\n<\/div>\n<p>[\/et_pb_text][\/et_pb_column][\/et_pb_row][\/et_pb_section]<\/p>","protected":false},"excerpt":{"rendered":"<p>Medina Cuadros Abogados SL wishes to inform you about the use of cookies on its websites. Cookies are files that can be downloaded to your computer through websites. They are tools that play an essential role in the provision of numerous information society services. Among other things, they allow [\u2026]<\/p>","protected":false},"author":3,"featured_media":0,"parent":0,"menu_order":0,"comment_status":"closed","ping_status":"closed","template":"","meta":{"_et_pb_use_builder":"on","_et_pb_old_content":"","_et_gb_content_width":"","_oct_exclude_from_cache":false,"om_disable_all_campaigns":false,"footnotes":""},"class_list":["post-1220","page","type-page","status-publish","hentry"],"yoast_head":"<!-- This site is optimized with the Yoast SEO plugin v25.4 - https:\/\/yoast.com\/wordpress\/plugins\/seo\/ -->\n<title>Aviso de Cookies - Medinacuadros<\/title>\n<meta name=\"robots\" content=\"noindex, follow, max-snippet:-1, max-image-preview:large, max-video-preview:-1\" \/>\n<meta property=\"og:locale\" content=\"en_US\" \/>\n<meta property=\"og:type\" content=\"article\" \/>\n<meta property=\"og:title\" content=\"Aviso de Cookies - Medinacuadros\" \/>\n<meta property=\"og:description\" content=\"Medina Cuadros Abogados S.L quieren informarle sobre el uso de las cookies en sus sitios web. Las cookies son archivos que se pueden descargar en su equipo a trav\u00e9s de las p\u00e1ginas web. Son herramientas que tienen un papel esencial para la prestaci\u00f3n de numerosos servicios de la sociedad de la informaci\u00f3n. Entre otros, permiten [&hellip;]\" \/>\n<meta property=\"og:url\" content=\"https:\/\/medinacuadrosabogados.com\/en\/aviso-de-cookies\/\" \/>\n<meta property=\"og:site_name\" content=\"Medinacuadros\" \/>\n<meta property=\"article:modified_time\" content=\"2022-03-25T08:37:02+00:00\" \/>\n<meta name=\"twitter:card\" content=\"summary_large_image\" \/>\n<meta name=\"twitter:label1\" content=\"Est. reading time\" \/>\n\t<meta name=\"twitter:data1\" content=\"8 minutes\" \/>\n<script type=\"application\/ld+json\" class=\"yoast-schema-graph\">{\"@context\":\"https:\/\/schema.org\",\"@graph\":[{\"@type\":\"WebPage\",\"@id\":\"https:\/\/medinacuadrosabogados.com\/aviso-de-cookies\/\",\"url\":\"https:\/\/medinacuadrosabogados.com\/aviso-de-cookies\/\",\"name\":\"Aviso de Cookies - Medinacuadros\",\"isPartOf\":{\"@id\":\"https:\/\/medinacuadrosabogados.com\/#website\"},\"datePublished\":\"2021-04-19T15:45:00+00:00\",\"dateModified\":\"2022-03-25T08:37:02+00:00\",\"inLanguage\":\"en-US\",\"potentialAction\":[{\"@type\":\"ReadAction\",\"target\":[\"https:\/\/medinacuadrosabogados.com\/aviso-de-cookies\/\"]}]},{\"@type\":\"WebSite\",\"@id\":\"https:\/\/medinacuadrosabogados.com\/#website\",\"url\":\"https:\/\/medinacuadrosabogados.com\/\",\"name\":\"Medinacuadros\",\"description\":\"\",\"potentialAction\":[{\"@type\":\"SearchAction\",\"target\":{\"@type\":\"EntryPoint\",\"urlTemplate\":\"https:\/\/medinacuadrosabogados.com\/?s={search_term_string}\"},\"query-input\":{\"@type\":\"PropertyValueSpecification\",\"valueRequired\":true,\"valueName\":\"search_term_string\"}}],\"inLanguage\":\"en-US\"}]}<\/script>\n<!-- \/ Yoast SEO plugin. -->","yoast_head_json":{"title":"Aviso de Cookies - Medinacuadros","robots":{"index":"noindex","follow":"follow","max-snippet":"max-snippet:-1","max-image-preview":"max-image-preview:large","max-video-preview":"max-video-preview:-1"},"og_locale":"en_US","og_type":"article","og_title":"Aviso de Cookies - Medinacuadros","og_description":"Medina Cuadros Abogados S.L quieren informarle sobre el uso de las cookies en sus sitios web. Las cookies son archivos que se pueden descargar en su equipo a trav\u00e9s de las p\u00e1ginas web. Son herramientas que tienen un papel esencial para la prestaci\u00f3n de numerosos servicios de la sociedad de la informaci\u00f3n. Entre otros, permiten [&hellip;]","og_url":"https:\/\/medinacuadrosabogados.com\/en\/aviso-de-cookies\/","og_site_name":"Medinacuadros","article_modified_time":"2022-03-25T08:37:02+00:00","twitter_card":"summary_large_image","twitter_misc":{"Est. reading time":"8 minutes"},"schema":{"@context":"https:\/\/schema.org","@graph":[{"@type":"WebPage","@id":"https:\/\/medinacuadrosabogados.com\/aviso-de-cookies\/","url":"https:\/\/medinacuadrosabogados.com\/aviso-de-cookies\/","name":"Aviso de Cookies - Medinacuadros","isPartOf":{"@id":"https:\/\/medinacuadrosabogados.com\/#website"},"datePublished":"2021-04-19T15:45:00+00:00","dateModified":"2022-03-25T08:37:02+00:00","inLanguage":"en-US","potentialAction":[{"@type":"ReadAction","target":["https:\/\/medinacuadrosabogados.com\/aviso-de-cookies\/"]}]},{"@type":"WebSite","@id":"https:\/\/medinacuadrosabogados.com\/#website","url":"https:\/\/medinacuadrosabogados.com\/","name":"Medinacuadros","description":"","potentialAction":[{"@type":"SearchAction","target":{"@type":"EntryPoint","urlTemplate":"https:\/\/medinacuadrosabogados.com\/?s={search_term_string}"},"query-input":{"@type":"PropertyValueSpecification","valueRequired":true,"valueName":"search_term_string"}}],"inLanguage":"en-US"}]}},"_links":{"self":[{"href":"https:\/\/medinacuadrosabogados.com\/en\/wp-json\/wp\/v2\/pages\/1220","targetHints":{"allow":["GET"]}}],"collection":[{"href":"https:\/\/medinacuadrosabogados.com\/en\/wp-json\/wp\/v2\/pages"}],"about":[{"href":"https:\/\/medinacuadrosabogados.com\/en\/wp-json\/wp\/v2\/types\/page"}],"author":[{"embeddable":true,"href":"https:\/\/medinacuadrosabogados.com\/en\/wp-json\/wp\/v2\/users\/3"}],"replies":[{"embeddable":true,"href":"https:\/\/medinacuadrosabogados.com\/en\/wp-json\/wp\/v2\/comments?post=1220"}],"version-history":[{"count":9,"href":"https:\/\/medinacuadrosabogados.com\/en\/wp-json\/wp\/v2\/pages\/1220\/revisions"}],"predecessor-version":[{"id":2859,"href":"https:\/\/medinacuadrosabogados.com\/en\/wp-json\/wp\/v2\/pages\/1220\/revisions\/2859"}],"wp:attachment":[{"href":"https:\/\/medinacuadrosabogados.com\/en\/wp-json\/wp\/v2\/media?parent=1220"}],"curies":[{"name":"wp","href":"https:\/\/api.w.org\/{rel}","templated":true}]}}