{"id":1213,"date":"2021-04-19T15:34:26","date_gmt":"2021-04-19T15:34:26","guid":{"rendered":"https:\/\/medinacuadrosabogados.com\/?page_id=1213"},"modified":"2022-03-25T09:44:53","modified_gmt":"2022-03-25T08:44:53","slug":"politica-de-privacidad","status":"publish","type":"page","link":"https:\/\/medinacuadrosabogados.com\/en\/politica-de-privacidad\/","title":{"rendered":"Privacy Policy"},"content":{"rendered":"<p>[et_pb_section fb_built=\u00bb1\u2033 fullwidth=\u00bbon\u00bb admin_label=\u00bbHero Section\u00bb _builder_version=\u00bb3.22\u2033][et_pb_fullwidth_header subhead=\u00bbSITE PRIVACY POLICY\u00bb background_overlay_color=\u00bbrgba(0,0,0,0.44)\u00bb content_max_width=\u00bb550px\u00bb _builder_version=\u00bb4.0.6\u2033 title_font=\u00bbPoppins|700||on|||||\u00bb title_text_color=\u00bb#edbb5f\u00bb title_font_size=\u00bb14px\u00bb title_letter_spacing=\u00bb2px\u00bb title_line_height=\u00bb1.4em\u00bb content_font=\u00bbPoppins||||||||\u00bb content_font_size=\u00bb16px\u00bb content_letter_spacing=\u00bb1px\u00bb content_line_height=\u00bb2em\u00bb subhead_font=\u00bbOpen Sans|700||on|||||\u00bb subhead_text_color=\u00bb#ffffff\u00bb subhead_font_size=\u00bb52px\u00bb subhead_line_height=\u00bb1.4em\u00bb background_color=\u00bbrgba(255, 255, 255, 0)\u00bb background_image=\u00bbhttps:\/\/medinacuadrosabogados.com\/wp-content\/uploads\/2020\/08\/pexels-burst-374720.jpg\u00bb parallax=\u00bbon\u00bb parallax_method=\u00bbon\u00bb custom_button_one=\u00bbon\u00bb button_one_border_width=\u00bb1px\u00bb button_one_border_color=\u00bbrgba(255,255,255,0.3)\u00bb button_one_border_radius=\u00bb0px\u00bb button_one_letter_spacing=\u00bb1px\u00bb button_one_font=\u00bbSaira Extra Condensed|600||on|||||\u00bb button_one_icon=\u00bb%%3%%\u00bb button_one_icon_color=\u00bb#edbb5f\u00bb custom_button_two=\u00bbon\u00bb button_two_border_width=\u00bb1px\u00bb button_two_border_color=\u00bbrgba(255,255,255,0.3)\u00bb button_two_border_radius=\u00bb0px\u00bb button_two_letter_spacing=\u00bb1px\u00bb button_two_font=\u00bbSaira Extra Condensed|600||on|||||\u00bb button_two_icon=\u00bb%%3%%\u00bb button_two_icon_color=\u00bb#edbb5f\u00bb module_alignment=\u00bbright\u00bb custom_margin=\u00bb|||\u00bb custom_padding=\u00bb8%||8%|\u00bb hover_enabled=\u00bb0\u2033 button_one_text_color_hover=\u00bb#edbb5f\u00bb button_two_text_color_hover=\u00bb#edbb5f\u00bb button_one_bg_color_hover=\u00bbrgba(0,0,0,0)\u00bb button_two_bg_color_hover=\u00bbrgba(0,0,0,0)\u00bb button_one_text_size__hover_enabled=\u00bboff\u00bb button_two_text_size__hover_enabled=\u00bboff\u00bb button_one_text_color__hover_enabled=\u00bbon\u00bb button_one_text_color__hover=\u00bb#edbb5f\u00bb button_two_text_color__hover_enabled=\u00bbon\u00bb button_two_text_color__hover=\u00bb#edbb5f\u00bb button_one_border_width__hover_enabled=\u00bboff\u00bb button_two_border_width__hover_enabled=\u00bboff\u00bb button_one_border_color__hover_enabled=\u00bboff\u00bb button_two_border_color__hover_enabled=\u00bboff\u00bb button_one_border_radius__hover_enabled=\u00bboff\u00bb button_two_border_radius__hover_enabled=\u00bboff\u00bb button_one_letter_spacing__hover_enabled=\u00bboff\u00bb button_two_letter_spacing__hover_enabled=\u00bboff\u00bb button_one_bg_color__hover_enabled=\u00bbon\u00bb button_one_bg_color__hover=\u00bbrgba(0,0,0,0)\u00bb button_two_bg_color__hover_enabled=\u00bbon\u00bb button_two_bg_color__hover=\u00bbrgba(0,0,0,0)\u00bb][\/et_pb_fullwidth_header][\/et_pb_section][et_pb_section fb_built=\u00bb1\u2033 admin_label=\u00bbIntroduction\u00bb _builder_version=\u00bb4.0.6\u2033 custom_margin=\u00bb|||\u00bb custom_padding=\u00bb100px|0px|35px|0px||\u00bb][et_pb_row use_custom_gutter=\u00bbon\u00bb gutter_width=\u00bb4\u2033 _builder_version=\u00bb4.0.6\u2033 animation_style=\u00bbfade\u00bb][et_pb_column type=\u00bb4_4\u2033 _builder_version=\u00bb3.25\u2033 custom_padding=\u00bb|||\u00bb custom_padding__hover=\u00bb|||\u00bb][et_pb_text _builder_version=\u00bb4.0.6\u2033 text_font=\u00bbOpen Sans||||||||\u00bb text_font_size=\u00bb16px\u00bb text_letter_spacing=\u00bb1px\u00bb text_line_height=\u00bb2em\u00bb header_font=\u00bb||||||||\u00bb header_2_font=\u00bbPlayfair Display|700|||||||\u00bb header_2_text_color=\u00bb#003057\u2033 header_2_font_size=\u00bb38px\u00bb header_2_letter_spacing=\u00bb1px\u00bb header_2_line_height=\u00bb1.4em\u00bb header_3_font=\u00bbPoppins|700||on|||||\u00bb header_3_text_color=\u00bb#7bafd4\u2033 header_3_font_size=\u00bb14px\u00bb header_3_letter_spacing=\u00bb1px\u00bb header_3_line_height=\u00bb2em\u00bb hover_enabled=\u00bb0\u2033]<\/p>\n<div class=\"cuerpo-1\">\n<p><strong>Identification of the person responsible:<\/strong><\/p>\n<p><strong>Medina Cuadros Lawyers SL<\/strong> with NIF <strong>B \u2013 86289808<\/strong> and address at Plaza Marqu\u00e9s de Salamanca 2, 28006 Madrid.<\/p>\n<p>Contact:<strong> <a href=\"mailto:dpd@medinacuadros.es\">dpd@medinacuadros.es <\/a><\/strong><\/p>\n<p><strong>Who is responsible for the processing of your data?<\/strong><\/p>\n<p>This privacy policy applies to all personal data that the interested party provides to <strong>Medina Cuadros Lawyers SL<\/strong>, as well as any natural person interested in the activities and services that <strong>Medina Cuadros Lawyers SL<\/strong> offers through its websites and through any other means of communication. The objective of the Privacy Policy of <strong>Medina Cuadros Lawyers SL<\/strong> is to provide transparency regarding how we process your personal data in compliance with current data protection regulations.<\/p>\n<p>The interested party may contact <strong>Medina Cuadros Lawyers SL<\/strong> through the detailed information in the identification of the person responsible.<\/p>\n<p>&nbsp;<\/p>\n<p><strong>For what purpose do we process your personal data and on what legal basis?<\/strong><\/p>\n<p><strong>Medina Cuadros Lawyers SL<\/strong> has a Record of Processing Activities where each of the following treatments carried out as data controller are detailed:<\/p>\n<table width=\"100%\">\n<thead>\n<tr>\n<td width=\"26%\"><strong>GDPR PROCESSING<\/strong><\/td>\n<td width=\"45%\"><strong>GDPR PURPOSE<\/strong><\/td>\n<td width=\"28%\"><strong>LEGITIMATE BASIS<\/strong><\/td>\n<\/tr>\n<\/thead>\n<tbody>\n<tr>\n<td width=\"26%\"><strong>Contact<\/strong><\/td>\n<td width=\"45%\">Contact form with the user&#039;s consent to contact us<\/td>\n<td width=\"28%\">Legitimation by user consent by clicking on the box to accept conditions and policy<\/td>\n<\/tr>\n<\/tbody>\n<\/table>\n<p>&nbsp;<\/p>\n<p>In the duly justified case that you require further details regarding the Registry of Treatment Activities, you can contact <strong>Medina Cuadros Lawyers SL<\/strong> through any of the identified channels<\/p>\n<p><strong>How long do we keep your personal data?<\/strong><\/p>\n<p><strong>Medina Cuadros Lawyers SL<\/strong> will retain the data of those affected for the duration of their relationship with the organization, and afterward, the data will be retained in accordance with the archiving and documentation regulations established by each applicable law. If you request a right, your data will be deleted based on the right you have requested.<\/p>\n<p><strong>Who has access to your personal data?<\/strong><\/p>\n<p><strong>Medina Cuadros Lawyers SL<\/strong> may transfer or communicate personal data to meet its obligations to Public Administrations in cases where this is required in accordance with the legislation in force at any given time.<\/p>\n<p><strong>What are the rights of those affected?<\/strong><\/p>\n<p>We inform you that you may exercise the following rights:<\/p>\n<ol>\n<li>Right to access your personal data to know which data are being processed;<\/li>\n<li>Right to rectification of any inaccurate personal data;<\/li>\n<li>Right to delete your personal data, when possible;<\/li>\n<li>The right to request the restriction of the processing of your personal data when the accuracy, legality, or necessity of processing the data is in doubt. In this case, we may retain the data for the exercise or defense of legal claims.<\/li>\n<li>Right to object to the processing of your personal data, when the legal basis that authorizes us to process it is legitimate interest. <strong>Medina Cuadros Lawyers SL<\/strong> will stop processing your data unless there is a compelling legitimate interest or for the formulation, exercise or defense of claims.<\/li>\n<li>Right to data portability, when the legal basis that enables us to process your data as indicated is your consent.<\/li>\n<\/ol>\n<p>These rights may be exercised free of charge by the interested party, and where appropriate by his\/her representative, by means of a written request addressed to <strong><a href=\"mailto:dpd@medinacuadros.es\">dpd@medinacuadros.es<\/a><\/strong><span> <\/span><\/p>\n<p>In addition to the above rights, the data subject shall have the right to withdraw the consent granted at any time, without such withdrawal of consent affecting the lawfulness of the processing prior to its withdrawal. <strong>Medina Cuadros Lawyers SL<\/strong> may continue to process the data subject&#039;s data to the extent permitted by applicable law.<\/p>\n<p><strong>Medina Cuadros Lawyers SL<\/strong> reminds the interested party that they have the right to file a complaint with the competent Supervisory Authority of the country in which they are located.<\/p>\n<p><strong>Unsubscribe from the commercial communications service<\/strong><\/p>\n<p>The interested party has the right to revoke at any time the consent given for the sending of commercial communications by simply notifying <strong>Medina Cuadros Lawyers SL<\/strong> by which you inform us that you no longer wish to receive commercial communications. To do so, the interested party may click on the link included in each communication to cancel the sending of electronic commercial communications or revoke their consent by writing to<strong> <a href=\"mailto:dpd@medinacuadros.es\">dpd@medinacuadros.es<\/a><\/strong><span> <\/span><\/p>\n<p><strong>What security measures do we have in place?<\/strong><\/p>\n<p><strong>Medina Cuadros Lawyers SL<\/strong> is committed to fulfilling its obligation to maintain confidentiality of personal data and its duty to safeguard them, and will adopt the necessary measures to prevent their alteration, loss, processing, or unauthorized access, in accordance with the provisions of applicable regulations.<\/p>\n<p><strong>Medina Cuadros Lawyers SL<\/strong> has implemented the necessary technical and organizational security measures to guarantee the security of your personal data and prevent its alteration, loss, and unauthorized processing and\/or access, taking into account the state of technology, the nature of the data stored, and the risks to which they are exposed, whether arising from human action or from the physical or natural environment, in accordance with the provisions of applicable regulations.<\/p>\n<p><strong>Links<\/strong><\/p>\n<p>The website of <strong>Medina Cuadros Lawyers SL<\/strong> may include hyperlinks to other sites that are not operated or controlled by <strong>Medina Cuadros Lawyers SL<\/strong>. Therefore, <strong>Medina Cuadros Lawyers SL<\/strong> does not guarantee, nor is it responsible for, the legality, reliability, usefulness, truthfulness, and timeliness of the content of such websites or their privacy practices. Please, before providing your personal information to these websites outside of <strong>Medina Cuadros Lawyers SL<\/strong> Please note that your data protection compliance may differ from ours.<\/p>\n<p><strong>Modification of the Privacy Policy<\/strong><\/p>\n<p><strong>Medina Cuadros Lawyers SL<\/strong> may modify its Privacy Policy in accordance with applicable law at any time. In any case, any modification to the Privacy Policy will be duly notified to the Data Subject so that they are informed of the changes made to the processing of their personal data and, if required by applicable law, they can provide their consent.<\/p>\n<\/div>\n<p>[\/et_pb_text][\/et_pb_column][\/et_pb_row][\/et_pb_section]<\/p>","protected":false},"excerpt":{"rendered":"<p>Data controller: Medina Cuadros Abogados SL, Tax Identification Number (NIF) B-86289808, registered office at Plaza Marqu\u00e9s de Salamanca 2, 28006 Madrid. Contact: dpd@medinacuadros.es. Who is responsible for the processing of your data? This privacy policy applies to all personal data that the data subject provides to Medina Cuadros Abogados SL, [\u2026]<\/p>","protected":false},"author":3,"featured_media":0,"parent":0,"menu_order":0,"comment_status":"closed","ping_status":"closed","template":"","meta":{"_et_pb_use_builder":"on","_et_pb_old_content":"","_et_gb_content_width":"","_oct_exclude_from_cache":false,"om_disable_all_campaigns":false,"footnotes":""},"class_list":["post-1213","page","type-page","status-publish","hentry"],"yoast_head":"<!-- This site is optimized with the Yoast SEO plugin v25.4 - https:\/\/yoast.com\/wordpress\/plugins\/seo\/ -->\n<title>Pol\u00edtica de Privacidad - Medinacuadros<\/title>\n<meta name=\"robots\" content=\"noindex, follow, max-snippet:-1, max-image-preview:large, max-video-preview:-1\" \/>\n<meta property=\"og:locale\" content=\"en_US\" \/>\n<meta property=\"og:type\" content=\"article\" \/>\n<meta property=\"og:title\" content=\"Pol\u00edtica de Privacidad - Medinacuadros\" \/>\n<meta property=\"og:description\" content=\"Identificaci\u00f3n del responsable: Medina Cuadros Abogados S.L con NIF B - 86289808 y domicilio en Plaza Marqu\u00e9s de Salamanca 2, 28006 Madrid. Contacto: dpd@medinacuadros.es \u00bfQui\u00e9n es el responsable del tratamiento de sus datos? La presente pol\u00edtica de privacidad aplica a todos los datos de car\u00e1cter personal que el interesado aporte a Medina Cuadros Abogados S.L, [&hellip;]\" \/>\n<meta property=\"og:url\" content=\"https:\/\/medinacuadrosabogados.com\/en\/politica-de-privacidad\/\" \/>\n<meta property=\"og:site_name\" content=\"Medinacuadros\" \/>\n<meta property=\"article:modified_time\" content=\"2022-03-25T08:44:53+00:00\" \/>\n<meta name=\"twitter:card\" content=\"summary_large_image\" \/>\n<meta name=\"twitter:label1\" content=\"Est. reading time\" \/>\n\t<meta name=\"twitter:data1\" content=\"8 minutes\" \/>\n<script type=\"application\/ld+json\" class=\"yoast-schema-graph\">{\"@context\":\"https:\/\/schema.org\",\"@graph\":[{\"@type\":\"WebPage\",\"@id\":\"https:\/\/medinacuadrosabogados.com\/politica-de-privacidad\/\",\"url\":\"https:\/\/medinacuadrosabogados.com\/politica-de-privacidad\/\",\"name\":\"Pol\u00edtica de Privacidad - Medinacuadros\",\"isPartOf\":{\"@id\":\"https:\/\/medinacuadrosabogados.com\/#website\"},\"datePublished\":\"2021-04-19T15:34:26+00:00\",\"dateModified\":\"2022-03-25T08:44:53+00:00\",\"inLanguage\":\"en-US\",\"potentialAction\":[{\"@type\":\"ReadAction\",\"target\":[\"https:\/\/medinacuadrosabogados.com\/politica-de-privacidad\/\"]}]},{\"@type\":\"WebSite\",\"@id\":\"https:\/\/medinacuadrosabogados.com\/#website\",\"url\":\"https:\/\/medinacuadrosabogados.com\/\",\"name\":\"Medinacuadros\",\"description\":\"\",\"potentialAction\":[{\"@type\":\"SearchAction\",\"target\":{\"@type\":\"EntryPoint\",\"urlTemplate\":\"https:\/\/medinacuadrosabogados.com\/?s={search_term_string}\"},\"query-input\":{\"@type\":\"PropertyValueSpecification\",\"valueRequired\":true,\"valueName\":\"search_term_string\"}}],\"inLanguage\":\"en-US\"}]}<\/script>\n<!-- \/ Yoast SEO plugin. -->","yoast_head_json":{"title":"Pol\u00edtica de Privacidad - Medinacuadros","robots":{"index":"noindex","follow":"follow","max-snippet":"max-snippet:-1","max-image-preview":"max-image-preview:large","max-video-preview":"max-video-preview:-1"},"og_locale":"en_US","og_type":"article","og_title":"Pol\u00edtica de Privacidad - Medinacuadros","og_description":"Identificaci\u00f3n del responsable: Medina Cuadros Abogados S.L con NIF B - 86289808 y domicilio en Plaza Marqu\u00e9s de Salamanca 2, 28006 Madrid. Contacto: dpd@medinacuadros.es \u00bfQui\u00e9n es el responsable del tratamiento de sus datos? La presente pol\u00edtica de privacidad aplica a todos los datos de car\u00e1cter personal que el interesado aporte a Medina Cuadros Abogados S.L, [&hellip;]","og_url":"https:\/\/medinacuadrosabogados.com\/en\/politica-de-privacidad\/","og_site_name":"Medinacuadros","article_modified_time":"2022-03-25T08:44:53+00:00","twitter_card":"summary_large_image","twitter_misc":{"Est. reading time":"8 minutes"},"schema":{"@context":"https:\/\/schema.org","@graph":[{"@type":"WebPage","@id":"https:\/\/medinacuadrosabogados.com\/politica-de-privacidad\/","url":"https:\/\/medinacuadrosabogados.com\/politica-de-privacidad\/","name":"Pol\u00edtica de Privacidad - Medinacuadros","isPartOf":{"@id":"https:\/\/medinacuadrosabogados.com\/#website"},"datePublished":"2021-04-19T15:34:26+00:00","dateModified":"2022-03-25T08:44:53+00:00","inLanguage":"en-US","potentialAction":[{"@type":"ReadAction","target":["https:\/\/medinacuadrosabogados.com\/politica-de-privacidad\/"]}]},{"@type":"WebSite","@id":"https:\/\/medinacuadrosabogados.com\/#website","url":"https:\/\/medinacuadrosabogados.com\/","name":"Medinacuadros","description":"","potentialAction":[{"@type":"SearchAction","target":{"@type":"EntryPoint","urlTemplate":"https:\/\/medinacuadrosabogados.com\/?s={search_term_string}"},"query-input":{"@type":"PropertyValueSpecification","valueRequired":true,"valueName":"search_term_string"}}],"inLanguage":"en-US"}]}},"_links":{"self":[{"href":"https:\/\/medinacuadrosabogados.com\/en\/wp-json\/wp\/v2\/pages\/1213","targetHints":{"allow":["GET"]}}],"collection":[{"href":"https:\/\/medinacuadrosabogados.com\/en\/wp-json\/wp\/v2\/pages"}],"about":[{"href":"https:\/\/medinacuadrosabogados.com\/en\/wp-json\/wp\/v2\/types\/page"}],"author":[{"embeddable":true,"href":"https:\/\/medinacuadrosabogados.com\/en\/wp-json\/wp\/v2\/users\/3"}],"replies":[{"embeddable":true,"href":"https:\/\/medinacuadrosabogados.com\/en\/wp-json\/wp\/v2\/comments?post=1213"}],"version-history":[{"count":7,"href":"https:\/\/medinacuadrosabogados.com\/en\/wp-json\/wp\/v2\/pages\/1213\/revisions"}],"predecessor-version":[{"id":2863,"href":"https:\/\/medinacuadrosabogados.com\/en\/wp-json\/wp\/v2\/pages\/1213\/revisions\/2863"}],"wp:attachment":[{"href":"https:\/\/medinacuadrosabogados.com\/en\/wp-json\/wp\/v2\/media?parent=1213"}],"curies":[{"name":"wp","href":"https:\/\/api.w.org\/{rel}","templated":true}]}}